{"id":19,"date":"2021-01-05T10:51:51","date_gmt":"2021-01-05T09:51:51","guid":{"rendered":"https:\/\/arvumsuministrosagrarios.org\/es\/?page_id=19"},"modified":"2023-04-14T11:03:03","modified_gmt":"2023-04-14T09:03:03","slug":"blog","status":"publish","type":"page","link":"https:\/\/arvumsuministrosagrarios.org\/es\/blog\/","title":{"rendered":"Blog"},"content":{"rendered":"<style type='text\/css' media='all'>#rt-tpg-container-2148012761 .rt-holder .rt-woo-info .price{color:#0367bf;}body .rt-tpg-container .rt-tpg-isotope-buttons .selected,\r\n\t\t\t\t\t#rt-tpg-container-2148012761 .layout12 .rt-holder:hover .rt-detail,\r\n\t\t\t\t\t#rt-tpg-container-2148012761 .isotope8 .rt-holder:hover .rt-detail,\r\n\t\t\t\t\t#rt-tpg-container-2148012761 .carousel8 .rt-holder:hover .rt-detail,\r\n\t\t\t\t\t#rt-tpg-container-2148012761 .layout13 .rt-holder .overlay .post-info,\r\n\t\t\t\t\t#rt-tpg-container-2148012761 .isotope9 .rt-holder .overlay .post-info,\r\n\t\t\t\t\t#rt-tpg-container-2148012761.rt-tpg-container .layout4 .rt-holder .rt-detail,\r\n\t\t\t\t\t.rt-modal-2148012761 .md-content,\r\n\t\t\t\t\t.rt-modal-2148012761 .md-content > .rt-md-content-holder .rt-md-content,\r\n\t\t\t\t\t.rt-popup-wrap-2148012761.rt-popup-wrap .rt-popup-navigation-wrap,\r\n\t\t\t\t\t#rt-tpg-container-2148012761 .carousel9 .rt-holder .overlay .post-info{background-color:#0367bf;}#rt-tpg-container-2148012761 .layout5 .rt-holder .overlay, #rt-tpg-container-2148012761 .isotope2 .rt-holder .overlay, #rt-tpg-container-2148012761 .carousel2 .rt-holder .overlay,#rt-tpg-container-2148012761 .layout15 .rt-holder h3, #rt-tpg-container-2148012761 .isotope11 .rt-holder h3, #rt-tpg-container-2148012761 .carousel11 .rt-holder h3, #rt-tpg-container-2148012761 .layout16 .rt-holder h3,\r\n\t\t\t\t\t#rt-tpg-container-2148012761 .isotope12 .rt-holder h3, #rt-tpg-container-2148012761 .carousel12 .rt-holder h3 {background-color:rgba(3,103,191,0.8);}#rt-tpg-container-2148012761 .read-more a{border-radius:px;}#rt-tpg-container-2148012761 .rt-img-holder img.rt-img-responsive,#rt-tpg-container-2148012761 .rt-img-holder,\r\n\t\t\t\t\t#rt-tpg-container-2148012761 .rt-post-overlay .post-img,\r\n\t\t\t\t\t#rt-tpg-container-2148012761 .post-sm .post-img,\r\n\t\t\t\t\t#rt-tpg-container-2148012761 .rt-post-grid .post-img,\r\n\t\t\t\t\t#rt-tpg-container-2148012761 .post-img img {border-radius:px;}<\/style><div class='rt-container-fluid rt-tpg-container tpg-shortcode-main-wrapper entradas' id='rt-tpg-container-2148012761'   data-layout='layout1' data-grid-style='even' data-desktop-col='3'  data-tab-col='2'  data-mobile-col='1' data-sc-id='225'><div data-title='Loading ...' class='rt-row rt-content-loader   layout1 tpg-even '><div class=\"rt-col-md-4 rt-col-sm-6 rt-col-xs-12 even-grid-item rt-grid-item\" data-id=\"392\"><div class=\"rt-holder\"><div class=\"rt-img-holder\"><a data-id=\"392\" class=\"\" href=\"https:\/\/arvumsuministrosagrarios.org\/es\/star-blue-el-fertilizante-bioestimulante-con-tecnologia-contribute\/\"><img width=\"640\" height=\"438\" src=\"https:\/\/arvumsuministrosagrarios.org\/es\/wp-content\/uploads\/2022\/02\/STAR-BLUE-e1645633427843.jpg\" class=\"rt-img-responsive \" alt=\"Fertilizante_bioestimulante\" \/><\/a><\/div><div class='rt-detail'><h2 class=\"entry-title\"><a data-id=\"392\" class=\"\" href=\"https:\/\/arvumsuministrosagrarios.org\/es\/star-blue-el-fertilizante-bioestimulante-con-tecnologia-contribute\/\">STAR BLUE, el fertilizante bioestimulante con tecnolog\u00eda Contribute<\/a><\/h2><div class='post-meta-user  '><span class='date'><i class='flaticon-tpg-calendar '><\/i>23 de febrero de 2022<\/span><span class='post-tags-links'><i class='flaticon-tpg-tag '><\/i><a href=\"https:\/\/arvumsuministrosagrarios.org\/es\/tag\/agricultura-sostenible\/\" rel=\"tag\">agricultura sostenible<\/a><span class=\"rt-separator\">,<\/span><a href=\"https:\/\/arvumsuministrosagrarios.org\/es\/tag\/bioestimulante\/\" rel=\"tag\">bioestimulante<\/a><span class=\"rt-separator\">,<\/span><a href=\"https:\/\/arvumsuministrosagrarios.org\/es\/tag\/fertilizante\/\" rel=\"tag\">fertilizante<\/a><\/span><\/div><div class='tpg-excerpt'>STAR BLUE es la gama de fertilizante bioestimulante\u00a0 comercializada por Arvum y que ha sido desarrollada por Delagro de la mano de la multinacional americana Alltech. Al mejorar la eficiencia de las plantas en la captaci\u00f3n y aprovechamiento de los nutrientes disponibles en el suelo, STAR BLUE contribuye a una...<\/div><div class='post-meta '><span class='read-more'><a data-id='392' class='' href='https:\/\/arvumsuministrosagrarios.org\/es\/star-blue-el-fertilizante-bioestimulante-con-tecnologia-contribute\/'>Leer m\u00e1s<\/a><\/span><\/div><\/div><\/div><\/div><div class=\"rt-col-md-4 rt-col-sm-6 rt-col-xs-12 even-grid-item rt-grid-item\" data-id=\"370\"><div class=\"rt-holder\"><div class=\"rt-img-holder\"><a data-id=\"370\" class=\"\" href=\"https:\/\/arvumsuministrosagrarios.org\/es\/la-importancia-del-plastico-de-ensilado-en-su-conservacion\/\"><img width=\"640\" height=\"303\" src=\"https:\/\/arvumsuministrosagrarios.org\/es\/wp-content\/uploads\/2021\/08\/Depositphotos_314478766_xl-2015-scaled-e1629376199933-1024x485.jpg\" class=\"rt-img-responsive \" alt=\"ensilado-forrajes\" \/><\/a><\/div><div class='rt-detail'><h2 class=\"entry-title\"><a data-id=\"370\" class=\"\" href=\"https:\/\/arvumsuministrosagrarios.org\/es\/la-importancia-del-plastico-de-ensilado-en-su-conservacion\/\">La importancia del pl\u00e1stico de ensilado en su conservaci\u00f3n<\/a><\/h2><div class='post-meta-user  '><span class='date'><i class='flaticon-tpg-calendar '><\/i>11 de septiembre de 2021<\/span><\/div><div class='tpg-excerpt'>La calidad final de un ensilado depende de varios factores, condiciones de cosechado, ensilado o llenado del silo y manejo del forraje en el momento de consumo. Del cuidado y esmero en la ejecuci\u00f3n de todos los procesos, depender\u00e1 la calidad final, cuyo principal objetivo es que las perdidas y...<\/div><div class='post-meta '><span class='read-more'><a data-id='370' class='' href='https:\/\/arvumsuministrosagrarios.org\/es\/la-importancia-del-plastico-de-ensilado-en-su-conservacion\/'>Leer m\u00e1s<\/a><\/span><\/div><\/div><\/div><\/div><div class=\"rt-col-md-4 rt-col-sm-6 rt-col-xs-12 even-grid-item rt-grid-item\" data-id=\"402\"><div class=\"rt-holder\"><div class=\"rt-img-holder\"><a data-id=\"402\" class=\"\" href=\"https:\/\/arvumsuministrosagrarios.org\/es\/que-son-y-para-que-sirven-los-fertilizantes-foliares\/\"><img width=\"496\" height=\"248\" src=\"https:\/\/arvumsuministrosagrarios.org\/es\/wp-content\/uploads\/2022\/05\/fertilizantes-foliares.jpg\" class=\"rt-img-responsive \" alt=\"fertilizantes-foliares-maiz\" \/><\/a><\/div><div class='rt-detail'><h2 class=\"entry-title\"><a data-id=\"402\" class=\"\" href=\"https:\/\/arvumsuministrosagrarios.org\/es\/que-son-y-para-que-sirven-los-fertilizantes-foliares\/\">\u00bfQu\u00e9 son y para que sirven los fertilizantes bioestimulantes foliares?<\/a><\/h2><div class='post-meta-user  '><span class='date'><i class='flaticon-tpg-calendar '><\/i>9 de agosto de 2022<\/span><span class='post-tags-links'><i class='flaticon-tpg-tag '><\/i><a href=\"https:\/\/arvumsuministrosagrarios.org\/es\/tag\/biotestimulantes\/\" rel=\"tag\">biotestimulantes<\/a><span class=\"rt-separator\">,<\/span><a href=\"https:\/\/arvumsuministrosagrarios.org\/es\/tag\/fertilizantes-foliares\/\" rel=\"tag\">fertilizantes foliares<\/a><\/span><\/div><div class='tpg-excerpt'>Tras la siembra del ma\u00edz, llega el momento de ser previsores y ofrecer cuidados espec\u00edficos para el cultivo en sus primeras etapas de crecimiento. En este art\u00edculo, abordamos con Ana Mart\u00ednez, Directora t\u00e9cnica de producci\u00f3n vegetal de Arvum, las ventajas de aplicar bioestimulaci\u00f3n foliar que ayude a la planta a...<\/div><div class='post-meta '><span class='read-more'><a data-id='402' class='' href='https:\/\/arvumsuministrosagrarios.org\/es\/que-son-y-para-que-sirven-los-fertilizantes-foliares\/'>Leer m\u00e1s<\/a><\/span><\/div><\/div><\/div><\/div><div class=\"rt-col-md-4 rt-col-sm-6 rt-col-xs-12 even-grid-item rt-grid-item\" data-id=\"551\"><div class=\"rt-holder\"><div class=\"rt-img-holder\"><a data-id=\"551\" class=\"\" href=\"https:\/\/arvumsuministrosagrarios.org\/es\/que-son-los-fertilizantes-uso-adecuado-y-tipos-de-abonos\/\"><img width=\"640\" height=\"427\" src=\"https:\/\/arvumsuministrosagrarios.org\/es\/wp-content\/uploads\/2023\/04\/amazone-abonadoras-za-v-farming-agricola-1-1024x683.jpg\" class=\"rt-img-responsive \" alt=\"que_son_los_fertilizantes\" \/><\/a><\/div><div class='rt-detail'><h2 class=\"entry-title\"><a data-id=\"551\" class=\"\" href=\"https:\/\/arvumsuministrosagrarios.org\/es\/que-son-los-fertilizantes-uso-adecuado-y-tipos-de-abonos\/\">\u00bfQu\u00e9 son los fertilizantes? Uso adecuado y tipos de abonos<\/a><\/h2><div class='post-meta-user  '><span class='date'><i class='flaticon-tpg-calendar '><\/i>13 de abril de 2023<\/span><span class='post-tags-links'><i class='flaticon-tpg-tag '><\/i><a href=\"https:\/\/arvumsuministrosagrarios.org\/es\/tag\/abonos\/\" rel=\"tag\">abonos<\/a><span class=\"rt-separator\">,<\/span><a href=\"https:\/\/arvumsuministrosagrarios.org\/es\/tag\/fertilizantes\/\" rel=\"tag\">fertilizantes<\/a><\/span><\/div><div class='tpg-excerpt'>Los fertilizantes son sustancias o mezclas que se a\u00f1aden a los suelos o plantas con el objetivo de proporcionar los nutrientes necesarios para el crecimiento y desarrollo saludable de las plantas. Los fertilizantes son utilizados en la agricultura y la jardiner\u00eda para mejorar la calidad y rendimiento de los cultivos...<\/div><div class='post-meta '><span class='read-more'><a data-id='551' class='' href='https:\/\/arvumsuministrosagrarios.org\/es\/que-son-los-fertilizantes-uso-adecuado-y-tipos-de-abonos\/'>Leer m\u00e1s<\/a><\/span><\/div><\/div><\/div><\/div><div class=\"rt-col-md-4 rt-col-sm-6 rt-col-xs-12 even-grid-item rt-grid-item\" data-id=\"300\"><div class=\"rt-holder\"><div class=\"rt-img-holder\"><a data-id=\"300\" class=\"\" href=\"https:\/\/arvumsuministrosagrarios.org\/es\/que-beneficios-aporta-un-plan-de-encalado\/\"><img width=\"640\" height=\"425\" src=\"https:\/\/arvumsuministrosagrarios.org\/es\/wp-content\/uploads\/2021\/07\/TIERRA-CALIZA-FERTILIZANTE-1024x680.jpg\" class=\"rt-img-responsive \" alt=\"plan de encalado\" \/><\/a><\/div><div class='rt-detail'><h2 class=\"entry-title\"><a data-id=\"300\" class=\"\" href=\"https:\/\/arvumsuministrosagrarios.org\/es\/que-beneficios-aporta-un-plan-de-encalado\/\">\u00bfQu\u00e9 beneficios aporta un PLAN DE ENCALADO?<\/a><\/h2><div class='post-meta-user  '><span class='date'><i class='flaticon-tpg-calendar '><\/i>13 de julio de 2021<\/span><span class='post-tags-links'><i class='flaticon-tpg-tag '><\/i><a href=\"https:\/\/arvumsuministrosagrarios.org\/es\/tag\/abonos\/\" rel=\"tag\">abonos<\/a><span class=\"rt-separator\">,<\/span><a href=\"https:\/\/arvumsuministrosagrarios.org\/es\/tag\/calizas\/\" rel=\"tag\">calizas<\/a><span class=\"rt-separator\">,<\/span><a href=\"https:\/\/arvumsuministrosagrarios.org\/es\/tag\/encalado\/\" rel=\"tag\">encalado<\/a><\/span><\/div><div class='tpg-excerpt'>Uno de los aspectos m\u00e1s importantes a los que debe enfrentarse cualquier agricultor o ganadero es la capacidad productiva de sus suelos. A este respecto, uno de los elementos m\u00e1s importantes a tener en cuenta es el pH del terreno. Se trata de un valor que condiciona sensiblemente la disponibilidad...<\/div><div class='post-meta '><span class='read-more'><a data-id='300' class='' href='https:\/\/arvumsuministrosagrarios.org\/es\/que-beneficios-aporta-un-plan-de-encalado\/'>Leer m\u00e1s<\/a><\/span><\/div><\/div><\/div><\/div><div class=\"rt-col-md-4 rt-col-sm-6 rt-col-xs-12 even-grid-item rt-grid-item\" data-id=\"623\"><div class=\"rt-holder\"><div class=\"rt-img-holder\"><a data-id=\"623\" class=\"\" href=\"https:\/\/arvumsuministrosagrarios.org\/es\/cuales-son-los-grandes-beneficios-de-la-veza-para-el-ganado\/\"><img width=\"640\" height=\"288\" src=\"https:\/\/arvumsuministrosagrarios.org\/es\/wp-content\/uploads\/2023\/04\/IMG_20230426_114454-1024x461.jpg\" class=\"rt-img-responsive \" alt=\"\" \/><\/a><\/div><div class='rt-detail'><h2 class=\"entry-title\"><a data-id=\"623\" class=\"\" href=\"https:\/\/arvumsuministrosagrarios.org\/es\/cuales-son-los-grandes-beneficios-de-la-veza-para-el-ganado\/\">\u00bfCu\u00e1les son los grandes beneficios de la VEZA para el GANADO?<\/a><\/h2><div class='post-meta-user  '><span class='date'><i class='flaticon-tpg-calendar '><\/i>28 de abril de 2023<\/span><\/div><div class='tpg-excerpt'>Vicia sativa, la arveja, veza o alverja es una especie de planta herb\u00e1cea del g\u00e9nero Vicia en la familia Fabaceae. Al igual que muchas otras especies de la familia, es capaz de fijar nitr\u00f3geno mediante una simbiosis, en sus ra\u00edces, con bacterias del g\u00e9nero Rhizobia. \u00bfQu\u00e9 es forraje de veza?...<\/div><div class='post-meta '><span class='read-more'><a data-id='623' class='' href='https:\/\/arvumsuministrosagrarios.org\/es\/cuales-son-los-grandes-beneficios-de-la-veza-para-el-ganado\/'>Leer m\u00e1s<\/a><\/span><\/div><\/div><\/div><\/div><div class=\"rt-col-md-4 rt-col-sm-6 rt-col-xs-12 even-grid-item rt-grid-item\" data-id=\"559\"><div class=\"rt-holder\"><div class=\"rt-img-holder\"><a data-id=\"559\" class=\"\" href=\"https:\/\/arvumsuministrosagrarios.org\/es\/cuales-son-las-enfermedades-mas-comunes-del-maiz\/\"><img width=\"600\" height=\"400\" src=\"https:\/\/arvumsuministrosagrarios.org\/es\/wp-content\/uploads\/2022\/05\/depositphotos_303312522-stock-photo-young-shoots-of-corn-closeup.webp\" class=\"rt-img-responsive \" alt=\"bioestimulantes-foliares\" \/><\/a><\/div><div class='rt-detail'><h2 class=\"entry-title\"><a data-id=\"559\" class=\"\" href=\"https:\/\/arvumsuministrosagrarios.org\/es\/cuales-son-las-enfermedades-mas-comunes-del-maiz\/\">\u00bfCu\u00e1les son las enfermedades mas comunes del ma\u00edz?<\/a><\/h2><div class='post-meta-user  '><span class='date'><i class='flaticon-tpg-calendar '><\/i>17 de abril de 2023<\/span><\/div><div class='tpg-excerpt'>Las semillas de ma\u00edz que est\u00e1n en el proceso de germinaci\u00f3n pueden ser atacadas por algunos pat\u00f3genos transportados por las semillas o por pat\u00f3genos del suelo que pueden causar su pudrici\u00f3n antes de germinar o causar la pudrici\u00f3n de la pl\u00e1ntula; esto es conocido como podredumbre del cuello de la...<\/div><div class='post-meta '><span class='read-more'><a data-id='559' class='' href='https:\/\/arvumsuministrosagrarios.org\/es\/cuales-son-las-enfermedades-mas-comunes-del-maiz\/'>Leer m\u00e1s<\/a><\/span><\/div><\/div><\/div><\/div><div class=\"rt-col-md-4 rt-col-sm-6 rt-col-xs-12 even-grid-item rt-grid-item\" data-id=\"456\"><div class=\"rt-holder\"><div class=\"rt-img-holder\"><a data-id=\"456\" class=\"\" href=\"https:\/\/arvumsuministrosagrarios.org\/es\/plan-nutricion-sostenible-vinedo-calidad\/\"><img width=\"600\" height=\"293\" src=\"https:\/\/arvumsuministrosagrarios.org\/es\/wp-content\/uploads\/2022\/07\/Uva-Monastrell-Demuerte-Wine-by-WineryOn.jpg\" class=\"rt-img-responsive \" alt=\"plan-nutricional-vi\u00f1edo\" \/><\/a><\/div><div class='rt-detail'><h2 class=\"entry-title\"><a data-id=\"456\" class=\"\" href=\"https:\/\/arvumsuministrosagrarios.org\/es\/plan-nutricion-sostenible-vinedo-calidad\/\">\u00bfC\u00f3mo hacer un plan de nutrici\u00f3n sostenible para vi\u00f1edo?<\/a><\/h2><div class='post-meta-user  '><span class='date'><i class='flaticon-tpg-calendar '><\/i>13 de julio de 2022<\/span><span class='post-tags-links'><i class='flaticon-tpg-tag '><\/i><a href=\"https:\/\/arvumsuministrosagrarios.org\/es\/tag\/fertilizacion-vinedo\/\" rel=\"tag\">fertilizaci\u00f3n vi\u00f1edo<\/a><span class=\"rt-separator\">,<\/span><a href=\"https:\/\/arvumsuministrosagrarios.org\/es\/tag\/nutricion-sostenible\/\" rel=\"tag\">nutrici\u00f3n sostenible<\/a><span class=\"rt-separator\">,<\/span><a href=\"https:\/\/arvumsuministrosagrarios.org\/es\/tag\/vinedo\/\" rel=\"tag\">vi\u00f1edo<\/a><\/span><\/div><div class='tpg-excerpt'>El mantenimiento de un suelo sano y vivo es fundamental tanto para un correcto desarrollo vegetativo de la vid como para obtener vinos de calidad. El suelo aporta m\u00faltiples recursos a la planta y cada uno de ellos est\u00e1 presente en diferentes proporciones y formas. Dichos recursos afectan de diversa...<\/div><div class='post-meta '><span class='read-more'><a data-id='456' class='' href='https:\/\/arvumsuministrosagrarios.org\/es\/plan-nutricion-sostenible-vinedo-calidad\/'>Leer m\u00e1s<\/a><\/span><\/div><\/div><\/div><\/div><div class=\"rt-col-md-4 rt-col-sm-6 rt-col-xs-12 even-grid-item rt-grid-item\" data-id=\"325\"><div class=\"rt-holder\"><div class=\"rt-img-holder\"><a data-id=\"325\" class=\"\" href=\"https:\/\/arvumsuministrosagrarios.org\/es\/como-conseguir-el-ensilado-de-hierba-perfecto\/\"><img width=\"640\" height=\"426\" src=\"https:\/\/arvumsuministrosagrarios.org\/es\/wp-content\/uploads\/2021\/09\/fendt-3416385_1280-1024x682.jpg\" class=\"rt-img-responsive \" alt=\"ensilado perfecto de forraje\" \/><\/a><\/div><div class='rt-detail'><h2 class=\"entry-title\"><a data-id=\"325\" class=\"\" href=\"https:\/\/arvumsuministrosagrarios.org\/es\/como-conseguir-el-ensilado-de-hierba-perfecto\/\">\u00bfC\u00f3mo conseguir el ensilado de hierba perfecto?<\/a><\/h2><div class='post-meta-user  '><span class='date'><i class='flaticon-tpg-calendar '><\/i>2 de septiembre de 2021<\/span><span class='post-tags-links'><i class='flaticon-tpg-tag '><\/i><a href=\"https:\/\/arvumsuministrosagrarios.org\/es\/tag\/ensilado\/\" rel=\"tag\">ensilado<\/a><span class=\"rt-separator\">,<\/span><a href=\"https:\/\/arvumsuministrosagrarios.org\/es\/tag\/ensilado-forraje\/\" rel=\"tag\">ensilado forraje<\/a><span class=\"rt-separator\">,<\/span><a href=\"https:\/\/arvumsuministrosagrarios.org\/es\/tag\/ensilado-maiz\/\" rel=\"tag\">ensilado maiz<\/a><span class=\"rt-separator\">,<\/span><a href=\"https:\/\/arvumsuministrosagrarios.org\/es\/tag\/silo\/\" rel=\"tag\">silo<\/a><\/span><\/div><div class='tpg-excerpt'>Obtener un buen ensilado de hierba no depende solo del momento de su la realizaci\u00f3n. Desde el dise\u00f1o del silo hasta la colocaci\u00f3n del pl\u00e1stico, hay muchos factores a tener en cuenta para garantizar el valor del stock de comida para todo el a\u00f1o. En este art\u00edculo os vamos a...<\/div><div class='post-meta '><span class='read-more'><a data-id='325' class='' href='https:\/\/arvumsuministrosagrarios.org\/es\/como-conseguir-el-ensilado-de-hierba-perfecto\/'>Leer m\u00e1s<\/a><\/span><\/div><\/div><\/div><\/div><\/div><\/div>\n","protected":false},"excerpt":{"rendered":"","protected":false},"author":1,"featured_media":0,"parent":0,"menu_order":0,"comment_status":"closed","ping_status":"closed","template":"","meta":{"inline_featured_image":false,"footnotes":"","_joinchat":[]},"yoast_head":"<!-- This site is optimized with the Yoast SEO plugin v22.6 - https:\/\/yoast.com\/wordpress\/plugins\/seo\/ -->\n<title>Blog - Arvum<\/title>\n<meta name=\"robots\" content=\"index, follow, max-snippet:-1, max-image-preview:large, max-video-preview:-1\" \/>\n<link rel=\"canonical\" href=\"https:\/\/arvumsuministrosagrarios.org\/es\/blog\/\" \/>\n<meta property=\"og:locale\" content=\"es_ES\" \/>\n<meta property=\"og:type\" content=\"article\" \/>\n<meta property=\"og:title\" content=\"Blog - Arvum\" \/>\n<meta property=\"og:url\" content=\"https:\/\/arvumsuministrosagrarios.org\/es\/blog\/\" \/>\n<meta property=\"og:site_name\" content=\"Arvum\" \/>\n<meta property=\"article:modified_time\" content=\"2023-04-14T09:03:03+00:00\" \/>\n<meta name=\"twitter:card\" content=\"summary_large_image\" \/>\n<meta name=\"twitter:label1\" content=\"Tiempo de lectura\" \/>\n\t<meta name=\"twitter:data1\" content=\"1 minuto\" \/>\n<script type=\"application\/ld+json\" class=\"yoast-schema-graph\">{\"@context\":\"https:\/\/schema.org\",\"@graph\":[{\"@type\":\"WebPage\",\"@id\":\"https:\/\/arvumsuministrosagrarios.org\/es\/blog\/\",\"url\":\"https:\/\/arvumsuministrosagrarios.org\/es\/blog\/\",\"name\":\"Blog - Arvum\",\"isPartOf\":{\"@id\":\"https:\/\/arvumsuministrosagrarios.org\/es\/#website\"},\"datePublished\":\"2021-01-05T09:51:51+00:00\",\"dateModified\":\"2023-04-14T09:03:03+00:00\",\"breadcrumb\":{\"@id\":\"https:\/\/arvumsuministrosagrarios.org\/es\/blog\/#breadcrumb\"},\"inLanguage\":\"es\",\"potentialAction\":[{\"@type\":\"ReadAction\",\"target\":[\"https:\/\/arvumsuministrosagrarios.org\/es\/blog\/\"]}]},{\"@type\":\"BreadcrumbList\",\"@id\":\"https:\/\/arvumsuministrosagrarios.org\/es\/blog\/#breadcrumb\",\"itemListElement\":[{\"@type\":\"ListItem\",\"position\":1,\"name\":\"Portada\",\"item\":\"https:\/\/arvumsuministrosagrarios.org\/es\/\"},{\"@type\":\"ListItem\",\"position\":2,\"name\":\"Blog\"}]},{\"@type\":\"WebSite\",\"@id\":\"https:\/\/arvumsuministrosagrarios.org\/es\/#website\",\"url\":\"https:\/\/arvumsuministrosagrarios.org\/es\/\",\"name\":\"Arvum\",\"description\":\"\",\"publisher\":{\"@id\":\"https:\/\/arvumsuministrosagrarios.org\/es\/#organization\"},\"potentialAction\":[{\"@type\":\"SearchAction\",\"target\":{\"@type\":\"EntryPoint\",\"urlTemplate\":\"https:\/\/arvumsuministrosagrarios.org\/es\/?s={search_term_string}\"},\"query-input\":\"required name=search_term_string\"}],\"inLanguage\":\"es\"},{\"@type\":\"Organization\",\"@id\":\"https:\/\/arvumsuministrosagrarios.org\/es\/#organization\",\"name\":\"Arvum Suministros Agrarios\",\"url\":\"https:\/\/arvumsuministrosagrarios.org\/es\/\",\"logo\":{\"@type\":\"ImageObject\",\"inLanguage\":\"es\",\"@id\":\"https:\/\/arvumsuministrosagrarios.org\/es\/#\/schema\/logo\/image\/\",\"url\":\"https:\/\/arvumsuministrosagrarios.org\/es\/wp-content\/uploads\/2021\/01\/arvum-logo.png\",\"contentUrl\":\"https:\/\/arvumsuministrosagrarios.org\/es\/wp-content\/uploads\/2021\/01\/arvum-logo.png\",\"width\":512,\"height\":391,\"caption\":\"Arvum Suministros Agrarios\"},\"image\":{\"@id\":\"https:\/\/arvumsuministrosagrarios.org\/es\/#\/schema\/logo\/image\/\"}}]}<\/script>\n<!-- \/ Yoast SEO plugin. -->","yoast_head_json":{"title":"Blog - Arvum","robots":{"index":"index","follow":"follow","max-snippet":"max-snippet:-1","max-image-preview":"max-image-preview:large","max-video-preview":"max-video-preview:-1"},"canonical":"https:\/\/arvumsuministrosagrarios.org\/es\/blog\/","og_locale":"es_ES","og_type":"article","og_title":"Blog - Arvum","og_url":"https:\/\/arvumsuministrosagrarios.org\/es\/blog\/","og_site_name":"Arvum","article_modified_time":"2023-04-14T09:03:03+00:00","twitter_card":"summary_large_image","twitter_misc":{"Tiempo de lectura":"1 minuto"},"schema":{"@context":"https:\/\/schema.org","@graph":[{"@type":"WebPage","@id":"https:\/\/arvumsuministrosagrarios.org\/es\/blog\/","url":"https:\/\/arvumsuministrosagrarios.org\/es\/blog\/","name":"Blog - Arvum","isPartOf":{"@id":"https:\/\/arvumsuministrosagrarios.org\/es\/#website"},"datePublished":"2021-01-05T09:51:51+00:00","dateModified":"2023-04-14T09:03:03+00:00","breadcrumb":{"@id":"https:\/\/arvumsuministrosagrarios.org\/es\/blog\/#breadcrumb"},"inLanguage":"es","potentialAction":[{"@type":"ReadAction","target":["https:\/\/arvumsuministrosagrarios.org\/es\/blog\/"]}]},{"@type":"BreadcrumbList","@id":"https:\/\/arvumsuministrosagrarios.org\/es\/blog\/#breadcrumb","itemListElement":[{"@type":"ListItem","position":1,"name":"Portada","item":"https:\/\/arvumsuministrosagrarios.org\/es\/"},{"@type":"ListItem","position":2,"name":"Blog"}]},{"@type":"WebSite","@id":"https:\/\/arvumsuministrosagrarios.org\/es\/#website","url":"https:\/\/arvumsuministrosagrarios.org\/es\/","name":"Arvum","description":"","publisher":{"@id":"https:\/\/arvumsuministrosagrarios.org\/es\/#organization"},"potentialAction":[{"@type":"SearchAction","target":{"@type":"EntryPoint","urlTemplate":"https:\/\/arvumsuministrosagrarios.org\/es\/?s={search_term_string}"},"query-input":"required name=search_term_string"}],"inLanguage":"es"},{"@type":"Organization","@id":"https:\/\/arvumsuministrosagrarios.org\/es\/#organization","name":"Arvum Suministros Agrarios","url":"https:\/\/arvumsuministrosagrarios.org\/es\/","logo":{"@type":"ImageObject","inLanguage":"es","@id":"https:\/\/arvumsuministrosagrarios.org\/es\/#\/schema\/logo\/image\/","url":"https:\/\/arvumsuministrosagrarios.org\/es\/wp-content\/uploads\/2021\/01\/arvum-logo.png","contentUrl":"https:\/\/arvumsuministrosagrarios.org\/es\/wp-content\/uploads\/2021\/01\/arvum-logo.png","width":512,"height":391,"caption":"Arvum Suministros Agrarios"},"image":{"@id":"https:\/\/arvumsuministrosagrarios.org\/es\/#\/schema\/logo\/image\/"}}]}},"rttpg_featured_image_url":null,"rttpg_author":{"display_name":"Aleo","author_link":"https:\/\/arvumsuministrosagrarios.org\/es\/author\/aleo\/"},"rttpg_comment":0,"rttpg_category":"","rttpg_excerpt":null,"_links":{"self":[{"href":"https:\/\/arvumsuministrosagrarios.org\/es\/wp-json\/wp\/v2\/pages\/19"}],"collection":[{"href":"https:\/\/arvumsuministrosagrarios.org\/es\/wp-json\/wp\/v2\/pages"}],"about":[{"href":"https:\/\/arvumsuministrosagrarios.org\/es\/wp-json\/wp\/v2\/types\/page"}],"author":[{"embeddable":true,"href":"https:\/\/arvumsuministrosagrarios.org\/es\/wp-json\/wp\/v2\/users\/1"}],"replies":[{"embeddable":true,"href":"https:\/\/arvumsuministrosagrarios.org\/es\/wp-json\/wp\/v2\/comments?post=19"}],"version-history":[{"count":2,"href":"https:\/\/arvumsuministrosagrarios.org\/es\/wp-json\/wp\/v2\/pages\/19\/revisions"}],"predecessor-version":[{"id":226,"href":"https:\/\/arvumsuministrosagrarios.org\/es\/wp-json\/wp\/v2\/pages\/19\/revisions\/226"}],"wp:attachment":[{"href":"https:\/\/arvumsuministrosagrarios.org\/es\/wp-json\/wp\/v2\/media?parent=19"}],"curies":[{"name":"wp","href":"https:\/\/api.w.org\/{rel}","templated":true}]}}