{"id":2,"date":"2021-01-05T09:00:21","date_gmt":"2021-01-05T08:00:21","guid":{"rendered":"https:\/\/arvumsuministrosagrarios.org\/es\/?page_id=2"},"modified":"2023-04-14T11:03:57","modified_gmt":"2023-04-14T09:03:57","slug":"inicio","status":"publish","type":"page","link":"https:\/\/arvumsuministrosagrarios.org\/es\/","title":{"rendered":"Inicio"},"content":{"rendered":"<div class=\"header-index\">\n<img decoding=\"async\" src=\"https:\/\/arvumsuministrosagrarios.org\/es\/wp-content\/uploads\/2021\/01\/arvum-logo.png\" alt=\"Logo Arvum\" \/><\/p>\n<h1>FERTILIZANTES Y <br \/>SUMINISTROS AGRARIOS<\/h1>\n<p><video autoplay loop muted><source src=\"https:\/\/arvumsuministrosagrarios.org\/es\/wp-content\/uploads\/2021\/01\/arvum-video.mp4\" type=\"video\/mp4\"><\/video>\n<\/div>\n<div class=\"intro-1\">\n<div>\n<img decoding=\"async\" src=\"https:\/\/arvumsuministrosagrarios.org\/es\/wp-content\/uploads\/2021\/01\/fabricante-fertilizantes.png\" alt=\"Fertilizantes fabricante\" \/><\/p>\n<p>ARVUM es uno de los principales <strong>fabricantes de fertilizantes y distribuidores de productos agroganaderos<\/strong> del Norte de Espa\u00f1a.<\/p>\n<\/div>\n<div>\n<img decoding=\"async\" src=\"https:\/\/arvumsuministrosagrarios.org\/es\/wp-content\/uploads\/2021\/01\/gama-fertilizantes.png\" alt=\"Fertilizantes gama\" \/><\/p>\n<p>Contamos con una gama de productos que abarcan desde <strong>fertilizantes, soluciones de ensilado, fitosanitarios, bioestimulantes y otros insumos agroganaderos.<\/strong><\/p>\n<\/div>\n<div>\n<img decoding=\"async\" src=\"https:\/\/arvumsuministrosagrarios.org\/es\/wp-content\/uploads\/2021\/01\/yara-fertilizantes.png\" alt=\"Fertilizantes Yara\" \/><\/p>\n<p>Somos distribuidores oficiales de Yara* con un amplio portfolio para <strong>pradera, ma\u00edz, vi\u00f1a, huerta, kiwi, frutos rojos, forestal, abonos l\u00edquidos y ecol\u00f3gicos.<\/strong><\/p>\n<p>*Solo en Espa\u00f1a<\/p>\n<\/div>\n<\/div>\n<div class=\"intro-2\">\n<div>\n<img decoding=\"async\" src=\"https:\/\/arvumsuministrosagrarios.org\/es\/wp-content\/uploads\/2021\/01\/fabrica-fertilizantes.png\" alt=\"F\u00e1brica de fertilizantes\" \/><\/p>\n<h2>45.000 Tn<\/h2>\n<p>Nuestra f\u00e1brica de fertilizantes tiene una capacidad de producci\u00f3n de 45.000 toneladas de fertilizantes al a\u00f1o.<\/p>\n<\/div>\n<div>\n<img decoding=\"async\" src=\"https:\/\/arvumsuministrosagrarios.org\/es\/wp-content\/uploads\/2021\/01\/entorno-fertilizantes.png\" alt=\"Cuidamos el entorno\" \/><\/p>\n<h2>Entorno<\/h2>\n<p>Contamos con abonos y calizas ecol\u00f3gicos que respetan el medio ambiente fomentando su uso responsable.<\/p>\n<\/div>\n<div>\n<img decoding=\"async\" src=\"https:\/\/arvumsuministrosagrarios.org\/es\/wp-content\/uploads\/2021\/01\/a-medida-fertilizantes.png\" alt=\"Fertilizantes a medida\" \/><\/p>\n<h2>A medida<\/h2>\n<p>Fabricamos fertilizantes a medida para cada suelo, cultivo y cliente. Vendemos fertilizantes complejos y para fertirrigaci\u00f3n.<\/p>\n<\/div>\n<\/div>\n<div class=\"intro-3\">\n<div>\n<h2>NUESTROS <br \/>PRODUCTOS <br \/>\nY SOLUCIONES<\/h2>\n<p>En ARVUM contamos con una amplia gama de fertilizantes y soluciones de ensilado que garantiza la m\u00e1xima rentabilidad de las cosechas.<\/p>\n<\/div>\n<div>\n<div>\n<a href=\"https:\/\/arvumsuministrosagrarios.org\/es\/fertilizantes\/\"><\/p>\n<h3>Fertilizantes<\/h3>\n<p><\/a><br \/>\n<img decoding=\"async\" src=\"https:\/\/arvumsuministrosagrarios.org\/es\/wp-content\/uploads\/2021\/01\/foto-fertilizantes.png\" alt=\"Fertilizantes\" \/>\n<\/div>\n<div>\n<a href=\"https:\/\/arvumsuministrosagrarios.org\/es\/cultivos-intensivos\/\"><\/p>\n<h3>Cultivos intensivos<\/h3>\n<p><\/a><br \/>\n<img decoding=\"async\" src=\"https:\/\/arvumsuministrosagrarios.org\/es\/wp-content\/uploads\/2022\/06\/cultivo-intensivo-menu.jpg\" alt=\"Cultivos intensivos\" \/>\n<\/div>\n<div>\n<a href=\"https:\/\/arvumsuministrosagrarios.org\/es\/plasticos\/\"><\/p>\n<h3>Soluciones de ensilado<\/h3>\n<p><\/a><br \/>\n<img decoding=\"async\" src=\"https:\/\/arvumsuministrosagrarios.org\/es\/wp-content\/uploads\/2021\/01\/solucion-ensilado.png\" alt=\"Ensilado\" \/>\n<\/div>\n<div>\n<a href=\"https:\/\/arvumsuministrosagrarios.org\/es\/fitosanitarios-2\/\"><\/p>\n<h3>Fitosanitarios y otros productos<\/h3>\n<p><\/a><br \/>\n<img decoding=\"async\" src=\"https:\/\/arvumsuministrosagrarios.org\/es\/wp-content\/uploads\/2021\/01\/fitosanitarios.png\" alt=\"Fitosanitarios\" \/>\n<\/div>\n<\/div>\n<\/div>\n<div class=\"intro-4\" id=\"idi\">\n<div><\/div>\n<div>\n<h2>I + D + i<\/h2>\n<p>Hemos desarrollado programas de I+D+i basados en el uso responsable de abonos, FERPLAN\u00ae y M\u00c9TODO CALGROUND\u00ae, que garantizan el m\u00e1ximo rendimiento de las cosechas y reducen el coste por hect\u00e1rea.<\/p>\n<p>La clave de FERPLAN\u00ae est\u00e1 en usar la cantidad ideal de fertilizante en funci\u00f3n del tipo del suelo y cultivo. Por eso, nuestra f\u00e1brica de fertilizantes es capaz de producir f\u00f3rmulas a medida que favorecen el control, seguimiento y optimizaci\u00f3n de las cantidades de fertilizante aportadas al suelo.<\/p>\n<p>El M\u00c9TODO CALGROUND\u00ae es una herramienta de trabajo que nos permite sacar el m\u00e1ximo rendimiento del suelo solubilizando los nutrientes.<\/p>\n<\/div>\n<\/div>\n<div class=\"intro-5\">\n<img decoding=\"async\" src=\"https:\/\/arvumsuministrosagrarios.org\/es\/wp-content\/uploads\/2021\/01\/formulas-personalizadas.png\" alt=\"F\u00f3rmulas personalizadas\" \/><\/p>\n<div>\n<h2>F\u00f3rmulas personalizas<\/h2>\n<p>Fabricamos f\u00f3rmulas espec\u00edficas para cada suelo, cultivo y cliente.<\/p>\n<p>Contacta con nosotros y te informaremos sin compromiso.<\/p>\n<\/div>\n<\/div>\n<div class=\"intro-6\">\n<img decoding=\"async\" src=\"https:\/\/arvumsuministrosagrarios.org\/es\/wp-content\/uploads\/2021\/01\/plantas-creciendo.jpg\" alt=\"Plantas creciendo\" \/>\n<\/div>\n<div class=\"intro-contacto\" id=\"contacto\">\n<div>\n<img decoding=\"async\" src=\"https:\/\/arvumsuministrosagrarios.org\/es\/wp-content\/uploads\/2021\/01\/arvum-logo.png\" alt=\"Logo Arvum\" \/><\/p>\n<h2>Contacto<\/h2>\n<p><a href=\"https:\/\/goo.gl\/maps\/q7EtZDSSjd86io5n9\" target=\"_blank\" rel=\"noopener\">Pol\u00edgono Industrial Penapurreira <br \/>15328, As Pontes de Garc\u00eda Rodr\u00edguez<\/a><\/p>\n<p><a href=\"tel:+34981519920\">981 519 920<\/a><\/p>\n<p><a href=\"mailto:info@arvum.org\">info@arvum.org<\/a><\/p>\n<p><img decoding=\"async\" src=\"https:\/\/arvumsuministrosagrarios.org\/es\/wp-content\/uploads\/2021\/06\/Logos-ue.png\" alt=\"FEDER Uni\u00f3n Europea\" \/>\n<\/div>\n<div>\n\n<div class=\"wpcf7 no-js\" id=\"wpcf7-f72-o1\" lang=\"es-ES\" dir=\"ltr\">\n<div class=\"screen-reader-response\"><p role=\"status\" aria-live=\"polite\" aria-atomic=\"true\"><\/p> <ul><\/ul><\/div>\n<form action=\"\/es\/wp-json\/wp\/v2\/pages\/2#wpcf7-f72-o1\" method=\"post\" class=\"wpcf7-form init\" aria-label=\"Formulario de contacto\" novalidate=\"novalidate\" data-status=\"init\">\n<div style=\"display: none;\">\n<input type=\"hidden\" name=\"_wpcf7\" value=\"72\" \/>\n<input type=\"hidden\" name=\"_wpcf7_version\" value=\"5.8\" \/>\n<input type=\"hidden\" name=\"_wpcf7_locale\" value=\"es_ES\" \/>\n<input type=\"hidden\" name=\"_wpcf7_unit_tag\" value=\"wpcf7-f72-o1\" \/>\n<input type=\"hidden\" name=\"_wpcf7_container_post\" value=\"0\" \/>\n<input type=\"hidden\" name=\"_wpcf7_posted_data_hash\" value=\"\" \/>\n<input type=\"hidden\" name=\"_wpcf7_recaptcha_response\" value=\"\" \/>\n<\/div>\n<p><label> Nombre<br \/>\n<span class=\"wpcf7-form-control-wrap\" data-name=\"nombre\"><input size=\"40\" class=\"wpcf7-form-control wpcf7-text wpcf7-validates-as-required\" aria-required=\"true\" aria-invalid=\"false\" value=\"\" type=\"text\" name=\"nombre\" \/><\/span> <\/label>\n<\/p>\n<p><label> Tel\u00e9fono<br \/>\n<span class=\"wpcf7-form-control-wrap\" data-name=\"tel\"><input size=\"40\" class=\"wpcf7-form-control wpcf7-tel wpcf7-validates-as-required wpcf7-text wpcf7-validates-as-tel\" aria-required=\"true\" aria-invalid=\"false\" value=\"\" type=\"tel\" name=\"tel\" \/><\/span> <\/label>\n<\/p>\n<p><label> Email<br \/>\n<span class=\"wpcf7-form-control-wrap\" data-name=\"correo\"><input size=\"40\" class=\"wpcf7-form-control wpcf7-email wpcf7-validates-as-required wpcf7-text wpcf7-validates-as-email\" aria-required=\"true\" aria-invalid=\"false\" value=\"\" type=\"email\" name=\"correo\" \/><\/span> <\/label><br \/>\n<span class=\"wpcf7-form-control-wrap\" data-name=\"mailjet-opt-in\"><span class=\"wpcf7-form-control wpcf7-checkbox\"><span class=\"wpcf7-list-item first last\"><input type=\"checkbox\" name=\"mailjet-opt-in[]\" value=\"Suscr\u00edbase a nuestro bolet\u00edn de noticias\" \/><span class=\"wpcf7-list-item-label\">Suscr\u00edbase a nuestro bolet\u00edn de noticias<\/span><\/span><\/span><\/span>\n<\/p>\n<p><label> Poblaci\u00f3n<br \/>\n<span class=\"wpcf7-form-control-wrap\" data-name=\"poblacion\"><input size=\"40\" class=\"wpcf7-form-control wpcf7-text wpcf7-validates-as-required\" aria-required=\"true\" aria-invalid=\"false\" value=\"\" type=\"text\" name=\"poblacion\" \/><\/span> <\/label>\n<\/p>\n<p><label> Empresa<br \/>\n<span class=\"wpcf7-form-control-wrap\" data-name=\"empresa\"><input size=\"40\" class=\"wpcf7-form-control wpcf7-text\" aria-invalid=\"false\" value=\"\" type=\"text\" name=\"empresa\" \/><\/span> <\/label>\n<\/p>\n<p><label> Mensaje<br \/>\n<span class=\"wpcf7-form-control-wrap\" data-name=\"mensaje\"><textarea cols=\"40\" rows=\"3\" class=\"wpcf7-form-control wpcf7-textarea wpcf7-validates-as-required\" aria-required=\"true\" aria-invalid=\"false\" name=\"mensaje\"><\/textarea><\/span> <\/label>\n<\/p>\n<p>PROTECCI\u00d3N DE DATOS: Reglamento (UE) 2016\/679 RGPD y LOPDGDD 3\/2018. DELAGRO, SOCIEDAD COOPERATIVA como responsable del tratamiento, tratar\u00e1 sus datos para gestionar las solicitudes de informaci\u00f3n, dudas, consultas, sugerencias o quejas relacionados con actividad del responsable que se realizan a trav\u00e9s de la p\u00e1gina web. Podr\u00e1 ejercitar los derechos de acceso, rectificaci\u00f3n y supresi\u00f3n de los datos, entre otros, tal y como se explica en la <a href=\"https:\/\/arvumsuministrosagrarios.org\/es\/politica-privacidad\">pol\u00edtica de privacidad<\/a>.\n<\/p>\n<p><span class=\"wpcf7-form-control-wrap\" data-name=\"LOPD\"><span class=\"wpcf7-form-control wpcf7-acceptance\"><span class=\"wpcf7-list-item\"><label><input type=\"checkbox\" name=\"LOPD\" value=\"1\" aria-invalid=\"false\" \/><span class=\"wpcf7-list-item-label\">He le\u00eddo y acepto la <a href=\"https:\/\/arvumsuministrosagrarios.org\/es\/politica-privacidad\">pol\u00edtica de privacidad<\/a>.<\/span><\/label><\/span><\/span><\/span>\n<\/p>\n<p><input class=\"wpcf7-form-control wpcf7-submit has-spinner\" type=\"submit\" value=\"Enviar\" \/>\n<\/p><div class=\"wpcf7-response-output\" aria-hidden=\"true\"><\/div>\n<\/form>\n<\/div>\n\n<\/div>\n<\/div>\n","protected":false},"excerpt":{"rendered":"<p>FERTILIZANTES Y SUMINISTROS AGRARIOS ARVUM es uno de los principales fabricantes de fertilizantes y distribuidores de productos agroganaderos del Norte de Espa\u00f1a. Contamos con una gama de productos que abarcan desde fertilizantes, soluciones de ensilado, fitosanitarios, bioestimulantes y otros insumos agroganaderos. Somos distribuidores oficiales de Yara* con un amplio portfolio para pradera, ma\u00edz, vi\u00f1a, huerta, [&hellip;]<\/p>\n","protected":false},"author":1,"featured_media":0,"parent":0,"menu_order":0,"comment_status":"closed","ping_status":"closed","template":"","meta":{"inline_featured_image":false,"footnotes":"","_joinchat":[]},"yoast_head":"<!-- This site is optimized with the Yoast SEO plugin v22.6 - https:\/\/yoast.com\/wordpress\/plugins\/seo\/ -->\n<title>ARVUM: Fertilizantes y suministros agrarios en Galicia<\/title>\n<meta name=\"description\" content=\"Arvum es uno de los principales fabricantes y distribuidores de fertilizantes y otros insumos como fitosanitarios y pl\u00e1sticos de ensilado de Galicia\" \/>\n<meta name=\"robots\" content=\"index, follow, max-snippet:-1, max-image-preview:large, max-video-preview:-1\" \/>\n<link rel=\"canonical\" href=\"https:\/\/arvumsuministrosagrarios.org\/es\/\" \/>\n<meta property=\"og:locale\" content=\"es_ES\" \/>\n<meta property=\"og:type\" content=\"article\" \/>\n<meta property=\"og:title\" content=\"ARVUM: Fertilizantes y suministros agrarios en Galicia\" \/>\n<meta property=\"og:description\" content=\"Arvum es uno de los principales fabricantes y distribuidores de fertilizantes y otros insumos como fitosanitarios y pl\u00e1sticos de ensilado de Galicia\" \/>\n<meta property=\"og:url\" content=\"https:\/\/arvumsuministrosagrarios.org\/es\/\" \/>\n<meta property=\"og:site_name\" content=\"Arvum\" \/>\n<meta property=\"article:modified_time\" content=\"2023-04-14T09:03:57+00:00\" \/>\n<meta property=\"og:image\" content=\"https:\/\/arvumsuministrosagrarios.org\/es\/wp-content\/uploads\/2021\/01\/arvum-logo.png\" \/>\n<meta name=\"twitter:card\" content=\"summary_large_image\" \/>\n<meta name=\"twitter:label1\" content=\"Tiempo de lectura\" \/>\n\t<meta name=\"twitter:data1\" content=\"5 minutos\" \/>\n<script type=\"application\/ld+json\" class=\"yoast-schema-graph\">{\"@context\":\"https:\/\/schema.org\",\"@graph\":[{\"@type\":\"WebPage\",\"@id\":\"https:\/\/arvumsuministrosagrarios.org\/es\/\",\"url\":\"https:\/\/arvumsuministrosagrarios.org\/es\/\",\"name\":\"ARVUM: Fertilizantes y suministros agrarios en Galicia\",\"isPartOf\":{\"@id\":\"https:\/\/arvumsuministrosagrarios.org\/es\/#website\"},\"primaryImageOfPage\":{\"@id\":\"https:\/\/arvumsuministrosagrarios.org\/es\/#primaryimage\"},\"image\":{\"@id\":\"https:\/\/arvumsuministrosagrarios.org\/es\/#primaryimage\"},\"thumbnailUrl\":\"https:\/\/arvumsuministrosagrarios.org\/es\/wp-content\/uploads\/2021\/01\/arvum-logo.png\",\"datePublished\":\"2021-01-05T08:00:21+00:00\",\"dateModified\":\"2023-04-14T09:03:57+00:00\",\"description\":\"Arvum es uno de los principales fabricantes y distribuidores de fertilizantes y otros insumos como fitosanitarios y pl\u00e1sticos de ensilado de Galicia\",\"breadcrumb\":{\"@id\":\"https:\/\/arvumsuministrosagrarios.org\/es\/#breadcrumb\"},\"inLanguage\":\"es\",\"potentialAction\":[{\"@type\":\"ReadAction\",\"target\":[\"https:\/\/arvumsuministrosagrarios.org\/es\/\"]}]},{\"@type\":\"ImageObject\",\"inLanguage\":\"es\",\"@id\":\"https:\/\/arvumsuministrosagrarios.org\/es\/#primaryimage\",\"url\":\"https:\/\/arvumsuministrosagrarios.org\/es\/wp-content\/uploads\/2021\/01\/arvum-logo.png\",\"contentUrl\":\"https:\/\/arvumsuministrosagrarios.org\/es\/wp-content\/uploads\/2021\/01\/arvum-logo.png\",\"width\":512,\"height\":391},{\"@type\":\"BreadcrumbList\",\"@id\":\"https:\/\/arvumsuministrosagrarios.org\/es\/#breadcrumb\",\"itemListElement\":[{\"@type\":\"ListItem\",\"position\":1,\"name\":\"Portada\",\"item\":\"https:\/\/arvumsuministrosagrarios.org\/es\/\"},{\"@type\":\"ListItem\",\"position\":2,\"name\":\"Inicio\"}]},{\"@type\":\"WebSite\",\"@id\":\"https:\/\/arvumsuministrosagrarios.org\/es\/#website\",\"url\":\"https:\/\/arvumsuministrosagrarios.org\/es\/\",\"name\":\"Arvum\",\"description\":\"\",\"publisher\":{\"@id\":\"https:\/\/arvumsuministrosagrarios.org\/es\/#organization\"},\"potentialAction\":[{\"@type\":\"SearchAction\",\"target\":{\"@type\":\"EntryPoint\",\"urlTemplate\":\"https:\/\/arvumsuministrosagrarios.org\/es\/?s={search_term_string}\"},\"query-input\":\"required name=search_term_string\"}],\"inLanguage\":\"es\"},{\"@type\":\"Organization\",\"@id\":\"https:\/\/arvumsuministrosagrarios.org\/es\/#organization\",\"name\":\"Arvum Suministros Agrarios\",\"url\":\"https:\/\/arvumsuministrosagrarios.org\/es\/\",\"logo\":{\"@type\":\"ImageObject\",\"inLanguage\":\"es\",\"@id\":\"https:\/\/arvumsuministrosagrarios.org\/es\/#\/schema\/logo\/image\/\",\"url\":\"https:\/\/arvumsuministrosagrarios.org\/es\/wp-content\/uploads\/2021\/01\/arvum-logo.png\",\"contentUrl\":\"https:\/\/arvumsuministrosagrarios.org\/es\/wp-content\/uploads\/2021\/01\/arvum-logo.png\",\"width\":512,\"height\":391,\"caption\":\"Arvum Suministros Agrarios\"},\"image\":{\"@id\":\"https:\/\/arvumsuministrosagrarios.org\/es\/#\/schema\/logo\/image\/\"}}]}<\/script>\n<!-- \/ Yoast SEO plugin. -->","yoast_head_json":{"title":"ARVUM: Fertilizantes y suministros agrarios en Galicia","description":"Arvum es uno de los principales fabricantes y distribuidores de fertilizantes y otros insumos como fitosanitarios y pl\u00e1sticos de ensilado de Galicia","robots":{"index":"index","follow":"follow","max-snippet":"max-snippet:-1","max-image-preview":"max-image-preview:large","max-video-preview":"max-video-preview:-1"},"canonical":"https:\/\/arvumsuministrosagrarios.org\/es\/","og_locale":"es_ES","og_type":"article","og_title":"ARVUM: Fertilizantes y suministros agrarios en Galicia","og_description":"Arvum es uno de los principales fabricantes y distribuidores de fertilizantes y otros insumos como fitosanitarios y pl\u00e1sticos de ensilado de Galicia","og_url":"https:\/\/arvumsuministrosagrarios.org\/es\/","og_site_name":"Arvum","article_modified_time":"2023-04-14T09:03:57+00:00","og_image":[{"url":"https:\/\/arvumsuministrosagrarios.org\/es\/wp-content\/uploads\/2021\/01\/arvum-logo.png"}],"twitter_card":"summary_large_image","twitter_misc":{"Tiempo de lectura":"5 minutos"},"schema":{"@context":"https:\/\/schema.org","@graph":[{"@type":"WebPage","@id":"https:\/\/arvumsuministrosagrarios.org\/es\/","url":"https:\/\/arvumsuministrosagrarios.org\/es\/","name":"ARVUM: Fertilizantes y suministros agrarios en Galicia","isPartOf":{"@id":"https:\/\/arvumsuministrosagrarios.org\/es\/#website"},"primaryImageOfPage":{"@id":"https:\/\/arvumsuministrosagrarios.org\/es\/#primaryimage"},"image":{"@id":"https:\/\/arvumsuministrosagrarios.org\/es\/#primaryimage"},"thumbnailUrl":"https:\/\/arvumsuministrosagrarios.org\/es\/wp-content\/uploads\/2021\/01\/arvum-logo.png","datePublished":"2021-01-05T08:00:21+00:00","dateModified":"2023-04-14T09:03:57+00:00","description":"Arvum es uno de los principales fabricantes y distribuidores de fertilizantes y otros insumos como fitosanitarios y pl\u00e1sticos de ensilado de Galicia","breadcrumb":{"@id":"https:\/\/arvumsuministrosagrarios.org\/es\/#breadcrumb"},"inLanguage":"es","potentialAction":[{"@type":"ReadAction","target":["https:\/\/arvumsuministrosagrarios.org\/es\/"]}]},{"@type":"ImageObject","inLanguage":"es","@id":"https:\/\/arvumsuministrosagrarios.org\/es\/#primaryimage","url":"https:\/\/arvumsuministrosagrarios.org\/es\/wp-content\/uploads\/2021\/01\/arvum-logo.png","contentUrl":"https:\/\/arvumsuministrosagrarios.org\/es\/wp-content\/uploads\/2021\/01\/arvum-logo.png","width":512,"height":391},{"@type":"BreadcrumbList","@id":"https:\/\/arvumsuministrosagrarios.org\/es\/#breadcrumb","itemListElement":[{"@type":"ListItem","position":1,"name":"Portada","item":"https:\/\/arvumsuministrosagrarios.org\/es\/"},{"@type":"ListItem","position":2,"name":"Inicio"}]},{"@type":"WebSite","@id":"https:\/\/arvumsuministrosagrarios.org\/es\/#website","url":"https:\/\/arvumsuministrosagrarios.org\/es\/","name":"Arvum","description":"","publisher":{"@id":"https:\/\/arvumsuministrosagrarios.org\/es\/#organization"},"potentialAction":[{"@type":"SearchAction","target":{"@type":"EntryPoint","urlTemplate":"https:\/\/arvumsuministrosagrarios.org\/es\/?s={search_term_string}"},"query-input":"required name=search_term_string"}],"inLanguage":"es"},{"@type":"Organization","@id":"https:\/\/arvumsuministrosagrarios.org\/es\/#organization","name":"Arvum Suministros Agrarios","url":"https:\/\/arvumsuministrosagrarios.org\/es\/","logo":{"@type":"ImageObject","inLanguage":"es","@id":"https:\/\/arvumsuministrosagrarios.org\/es\/#\/schema\/logo\/image\/","url":"https:\/\/arvumsuministrosagrarios.org\/es\/wp-content\/uploads\/2021\/01\/arvum-logo.png","contentUrl":"https:\/\/arvumsuministrosagrarios.org\/es\/wp-content\/uploads\/2021\/01\/arvum-logo.png","width":512,"height":391,"caption":"Arvum Suministros Agrarios"},"image":{"@id":"https:\/\/arvumsuministrosagrarios.org\/es\/#\/schema\/logo\/image\/"}}]}},"rttpg_featured_image_url":null,"rttpg_author":{"display_name":"Aleo","author_link":"https:\/\/arvumsuministrosagrarios.org\/es\/author\/aleo\/"},"rttpg_comment":0,"rttpg_category":null,"rttpg_excerpt":"FERTILIZANTES Y SUMINISTROS AGRARIOS ARVUM es uno de los principales fabricantes de fertilizantes y distribuidores de productos agroganaderos del Norte de Espa\u00f1a. Contamos con una gama de productos que abarcan desde fertilizantes, soluciones de ensilado, fitosanitarios, bioestimulantes y otros insumos agroganaderos. Somos distribuidores oficiales de Yara* con un amplio portfolio para pradera, ma\u00edz, vi\u00f1a, huerta,&hellip;","_links":{"self":[{"href":"https:\/\/arvumsuministrosagrarios.org\/es\/wp-json\/wp\/v2\/pages\/2"}],"collection":[{"href":"https:\/\/arvumsuministrosagrarios.org\/es\/wp-json\/wp\/v2\/pages"}],"about":[{"href":"https:\/\/arvumsuministrosagrarios.org\/es\/wp-json\/wp\/v2\/types\/page"}],"author":[{"embeddable":true,"href":"https:\/\/arvumsuministrosagrarios.org\/es\/wp-json\/wp\/v2\/users\/1"}],"replies":[{"embeddable":true,"href":"https:\/\/arvumsuministrosagrarios.org\/es\/wp-json\/wp\/v2\/comments?post=2"}],"version-history":[{"count":53,"href":"https:\/\/arvumsuministrosagrarios.org\/es\/wp-json\/wp\/v2\/pages\/2\/revisions"}],"predecessor-version":[{"id":453,"href":"https:\/\/arvumsuministrosagrarios.org\/es\/wp-json\/wp\/v2\/pages\/2\/revisions\/453"}],"wp:attachment":[{"href":"https:\/\/arvumsuministrosagrarios.org\/es\/wp-json\/wp\/v2\/media?parent=2"}],"curies":[{"name":"wp","href":"https:\/\/api.w.org\/{rel}","templated":true}]}}