{"id":424,"date":"2022-06-22T17:25:44","date_gmt":"2022-06-22T15:25:44","guid":{"rendered":"https:\/\/arvumsuministrosagrarios.org\/es\/?page_id=424"},"modified":"2023-04-14T11:03:16","modified_gmt":"2023-04-14T09:03:16","slug":"cultivos-intensivos","status":"publish","type":"page","link":"https:\/\/arvumsuministrosagrarios.org\/es\/cultivos-intensivos\/","title":{"rendered":"Cultivos intensivos"},"content":{"rendered":"<div class=\"header-section cultivo-i\">\n<div>\n<h1>CULTIVOS INTENSIVOS<\/h1>\n<h2>SOLUCIONES INNOVADORAS<\/h2>\n<\/p><\/div>\n<\/div>\n<div class=\"info-section\">\n<div>\n\t\t<img decoding=\"async\" src=\"https:\/\/arvumsuministrosagrarios.org\/es\/wp-content\/uploads\/2022\/06\/berry.png\"\n\t\t\talt=\"Cultivos intensivos\" \/><\/p>\n<p>En Arvum disponemos de productos espec\u00edficos para cultivos intensivos como vi\u00f1edo, kiwi, <em>berries<\/em>, huerta, etc.<\/p>\n<\/p><\/div>\n<div>\n\t\t<img decoding=\"async\" src=\"https:\/\/arvumsuministrosagrarios.org\/es\/wp-content\/uploads\/2022\/06\/partner.png\"\n\t\t\talt=\"Partners\" \/><\/p>\n<p>Trabajamos solo con <em>partners<\/em> l\u00edderes en el mercado, somos distribuidores oficiales de Yara y fabricamos f\u00f3rmulas a medida.<\/p>\n<\/p><\/div>\n<div>\n\t\t<img decoding=\"async\" src=\"https:\/\/arvumsuministrosagrarios.org\/es\/wp-content\/uploads\/2022\/06\/tecnico.png\"\n\t\t\talt=\"Equipo t\u00e9cnico\" \/><\/p>\n<p>Contamos con un equipo de t\u00e9cnicos con amplia experiencia para poner a tu servicio y asesorarte.<\/p>\n<\/p><\/div>\n<div>\n\t\t<img decoding=\"async\" src=\"https:\/\/arvumsuministrosagrarios.org\/es\/wp-content\/uploads\/2022\/06\/solucion.png\"\n\t\t\talt=\"Soluciones para cultivos intensivos\" \/><\/p>\n<p>En Arvum ofrecemos soluciones para cultivos intensivos innovadoras, de calidad contrastada y sostenibles.<\/p>\n<\/p><\/div>\n<\/div>\n<div class=\"ci-info\">\n<h2>Tenemos soluciones espec\u00edficas para cultivo intensivo:<br \/> fertilizaci\u00f3n, bioestimulantes y protecci\u00f3n vegetal.<\/h2>\n<div>\n<h3>Nuestros <em>partners<\/em>:<\/h3>\n<div>\n            <img decoding=\"async\" src=\"https:\/\/arvumsuministrosagrarios.org\/es\/wp-content\/uploads\/2021\/01\/yara-fertilizantes.png\" alt=\"Yara\"><br \/>\n            <img decoding=\"async\" src=\"https:\/\/arvumsuministrosagrarios.org\/es\/wp-content\/uploads\/2022\/06\/proplan.png\" alt=\"Proplan\"><br \/>\n            <img decoding=\"async\" src=\"https:\/\/arvumsuministrosagrarios.org\/es\/wp-content\/uploads\/2022\/06\/agrotecnologia.png\" alt=\"Agrotecnolog\u00eda\"><br \/>\n            <img decoding=\"async\" src=\"https:\/\/arvumsuministrosagrarios.org\/es\/wp-content\/uploads\/2022\/06\/agrichem.png\" alt=\"Agrichem\">\n        <\/div>\n<\/p><\/div>\n<p>Disponemos de f\u00e1brica de fetilizantes propia y capacidad para hacer f\u00f3rmulas a medida para cada suelo y cultivo.<\/p>\n<p><a href=\"https:\/\/arvumsuministrosagrarios.org\/es\/#contacto\">Para m\u00e1s informaci\u00f3n cons\u00faltanos sin compromiso<\/a><\/p>\n<\/div>\n<div class=\"fito-info\">\n<div>\n<h4>Vi\u00f1edo<\/h4>\n<p>\t\t<img decoding=\"async\" src=\"https:\/\/arvumsuministrosagrarios.org\/es\/wp-content\/uploads\/2021\/01\/fito-vinedo.jpg\" alt=\"vi\u00f1edo\">\n\t<\/div>\n<div>\n<h4>Huerta<\/h4>\n<p>\t\t<img decoding=\"async\" src=\"https:\/\/arvumsuministrosagrarios.org\/es\/wp-content\/uploads\/2022\/06\/lechuga.jpg\" alt=\"huerta\">\n\t<\/div>\n<div>\n<h4>Patata<\/h4>\n<p>\t\t<img decoding=\"async\" src=\"https:\/\/arvumsuministrosagrarios.org\/es\/wp-content\/uploads\/2021\/01\/fito-patata.jpg\" alt=\"patata\">\n\t<\/div>\n<div>\n<h4>Frutales<\/h4>\n<p>\t\t<img decoding=\"async\" src=\"https:\/\/arvumsuministrosagrarios.org\/es\/wp-content\/uploads\/2021\/01\/fito-frutales.jpg\" alt=\"frutales\">\n\t<\/div>\n<div>\n<h4><em>Berries<\/em><\/h4>\n<p>\t\t<img decoding=\"async\" src=\"https:\/\/arvumsuministrosagrarios.org\/es\/wp-content\/uploads\/2022\/06\/berries.jpg\" alt=\"berries\">\n\t<\/div>\n<div>\n<h4>Kiwi<\/h4>\n<p>\t\t<img decoding=\"async\" src=\"https:\/\/arvumsuministrosagrarios.org\/es\/wp-content\/uploads\/2022\/06\/kiwi.jpg\" alt=\"kiwi\">\n\t<\/div>\n<\/div>\n","protected":false},"excerpt":{"rendered":"<p>CULTIVOS INTENSIVOS SOLUCIONES INNOVADORAS En Arvum disponemos de productos espec\u00edficos para cultivos intensivos como vi\u00f1edo, kiwi, berries, huerta, etc. Trabajamos solo con partners l\u00edderes en el mercado, somos distribuidores oficiales de Yara y fabricamos f\u00f3rmulas a medida. Contamos con un equipo de t\u00e9cnicos con amplia experiencia para poner a tu servicio y asesorarte. En Arvum [&hellip;]<\/p>\n","protected":false},"author":1,"featured_media":0,"parent":0,"menu_order":0,"comment_status":"closed","ping_status":"closed","template":"","meta":{"inline_featured_image":false,"footnotes":"","_joinchat":[]},"yoast_head":"<!-- This site is optimized with the Yoast SEO plugin v22.6 - https:\/\/yoast.com\/wordpress\/plugins\/seo\/ -->\n<title>Cultivos intensivos - Arvum<\/title>\n<meta name=\"robots\" content=\"index, follow, max-snippet:-1, max-image-preview:large, max-video-preview:-1\" \/>\n<link rel=\"canonical\" href=\"https:\/\/arvumsuministrosagrarios.org\/es\/cultivos-intensivos\/\" \/>\n<meta property=\"og:locale\" content=\"es_ES\" \/>\n<meta property=\"og:type\" content=\"article\" \/>\n<meta property=\"og:title\" content=\"Cultivos intensivos - Arvum\" \/>\n<meta property=\"og:description\" content=\"CULTIVOS INTENSIVOS SOLUCIONES INNOVADORAS En Arvum disponemos de productos espec\u00edficos para cultivos intensivos como vi\u00f1edo, kiwi, berries, huerta, etc. Trabajamos solo con partners l\u00edderes en el mercado, somos distribuidores oficiales de Yara y fabricamos f\u00f3rmulas a medida. Contamos con un equipo de t\u00e9cnicos con amplia experiencia para poner a tu servicio y asesorarte. En Arvum [&hellip;]\" \/>\n<meta property=\"og:url\" content=\"https:\/\/arvumsuministrosagrarios.org\/es\/cultivos-intensivos\/\" \/>\n<meta property=\"og:site_name\" content=\"Arvum\" \/>\n<meta property=\"article:modified_time\" content=\"2023-04-14T09:03:16+00:00\" \/>\n<meta property=\"og:image\" content=\"https:\/\/arvumsuministrosagrarios.org\/es\/wp-content\/uploads\/2022\/06\/berry.png\" \/>\n<meta name=\"twitter:card\" content=\"summary_large_image\" \/>\n<meta name=\"twitter:label1\" content=\"Tiempo de lectura\" \/>\n\t<meta name=\"twitter:data1\" content=\"4 minutos\" \/>\n<script type=\"application\/ld+json\" class=\"yoast-schema-graph\">{\"@context\":\"https:\/\/schema.org\",\"@graph\":[{\"@type\":\"WebPage\",\"@id\":\"https:\/\/arvumsuministrosagrarios.org\/es\/cultivos-intensivos\/\",\"url\":\"https:\/\/arvumsuministrosagrarios.org\/es\/cultivos-intensivos\/\",\"name\":\"Cultivos intensivos - Arvum\",\"isPartOf\":{\"@id\":\"https:\/\/arvumsuministrosagrarios.org\/es\/#website\"},\"primaryImageOfPage\":{\"@id\":\"https:\/\/arvumsuministrosagrarios.org\/es\/cultivos-intensivos\/#primaryimage\"},\"image\":{\"@id\":\"https:\/\/arvumsuministrosagrarios.org\/es\/cultivos-intensivos\/#primaryimage\"},\"thumbnailUrl\":\"https:\/\/arvumsuministrosagrarios.org\/es\/wp-content\/uploads\/2022\/06\/berry.png\",\"datePublished\":\"2022-06-22T15:25:44+00:00\",\"dateModified\":\"2023-04-14T09:03:16+00:00\",\"breadcrumb\":{\"@id\":\"https:\/\/arvumsuministrosagrarios.org\/es\/cultivos-intensivos\/#breadcrumb\"},\"inLanguage\":\"es\",\"potentialAction\":[{\"@type\":\"ReadAction\",\"target\":[\"https:\/\/arvumsuministrosagrarios.org\/es\/cultivos-intensivos\/\"]}]},{\"@type\":\"ImageObject\",\"inLanguage\":\"es\",\"@id\":\"https:\/\/arvumsuministrosagrarios.org\/es\/cultivos-intensivos\/#primaryimage\",\"url\":\"https:\/\/arvumsuministrosagrarios.org\/es\/wp-content\/uploads\/2022\/06\/berry.png\",\"contentUrl\":\"https:\/\/arvumsuministrosagrarios.org\/es\/wp-content\/uploads\/2022\/06\/berry.png\",\"width\":200,\"height\":200},{\"@type\":\"BreadcrumbList\",\"@id\":\"https:\/\/arvumsuministrosagrarios.org\/es\/cultivos-intensivos\/#breadcrumb\",\"itemListElement\":[{\"@type\":\"ListItem\",\"position\":1,\"name\":\"Portada\",\"item\":\"https:\/\/arvumsuministrosagrarios.org\/es\/\"},{\"@type\":\"ListItem\",\"position\":2,\"name\":\"Cultivos intensivos\"}]},{\"@type\":\"WebSite\",\"@id\":\"https:\/\/arvumsuministrosagrarios.org\/es\/#website\",\"url\":\"https:\/\/arvumsuministrosagrarios.org\/es\/\",\"name\":\"Arvum\",\"description\":\"\",\"publisher\":{\"@id\":\"https:\/\/arvumsuministrosagrarios.org\/es\/#organization\"},\"potentialAction\":[{\"@type\":\"SearchAction\",\"target\":{\"@type\":\"EntryPoint\",\"urlTemplate\":\"https:\/\/arvumsuministrosagrarios.org\/es\/?s={search_term_string}\"},\"query-input\":\"required name=search_term_string\"}],\"inLanguage\":\"es\"},{\"@type\":\"Organization\",\"@id\":\"https:\/\/arvumsuministrosagrarios.org\/es\/#organization\",\"name\":\"Arvum Suministros Agrarios\",\"url\":\"https:\/\/arvumsuministrosagrarios.org\/es\/\",\"logo\":{\"@type\":\"ImageObject\",\"inLanguage\":\"es\",\"@id\":\"https:\/\/arvumsuministrosagrarios.org\/es\/#\/schema\/logo\/image\/\",\"url\":\"https:\/\/arvumsuministrosagrarios.org\/es\/wp-content\/uploads\/2021\/01\/arvum-logo.png\",\"contentUrl\":\"https:\/\/arvumsuministrosagrarios.org\/es\/wp-content\/uploads\/2021\/01\/arvum-logo.png\",\"width\":512,\"height\":391,\"caption\":\"Arvum Suministros Agrarios\"},\"image\":{\"@id\":\"https:\/\/arvumsuministrosagrarios.org\/es\/#\/schema\/logo\/image\/\"}}]}<\/script>\n<!-- \/ Yoast SEO plugin. -->","yoast_head_json":{"title":"Cultivos intensivos - Arvum","robots":{"index":"index","follow":"follow","max-snippet":"max-snippet:-1","max-image-preview":"max-image-preview:large","max-video-preview":"max-video-preview:-1"},"canonical":"https:\/\/arvumsuministrosagrarios.org\/es\/cultivos-intensivos\/","og_locale":"es_ES","og_type":"article","og_title":"Cultivos intensivos - Arvum","og_description":"CULTIVOS INTENSIVOS SOLUCIONES INNOVADORAS En Arvum disponemos de productos espec\u00edficos para cultivos intensivos como vi\u00f1edo, kiwi, berries, huerta, etc. Trabajamos solo con partners l\u00edderes en el mercado, somos distribuidores oficiales de Yara y fabricamos f\u00f3rmulas a medida. Contamos con un equipo de t\u00e9cnicos con amplia experiencia para poner a tu servicio y asesorarte. En Arvum [&hellip;]","og_url":"https:\/\/arvumsuministrosagrarios.org\/es\/cultivos-intensivos\/","og_site_name":"Arvum","article_modified_time":"2023-04-14T09:03:16+00:00","og_image":[{"url":"https:\/\/arvumsuministrosagrarios.org\/es\/wp-content\/uploads\/2022\/06\/berry.png"}],"twitter_card":"summary_large_image","twitter_misc":{"Tiempo de lectura":"4 minutos"},"schema":{"@context":"https:\/\/schema.org","@graph":[{"@type":"WebPage","@id":"https:\/\/arvumsuministrosagrarios.org\/es\/cultivos-intensivos\/","url":"https:\/\/arvumsuministrosagrarios.org\/es\/cultivos-intensivos\/","name":"Cultivos intensivos - Arvum","isPartOf":{"@id":"https:\/\/arvumsuministrosagrarios.org\/es\/#website"},"primaryImageOfPage":{"@id":"https:\/\/arvumsuministrosagrarios.org\/es\/cultivos-intensivos\/#primaryimage"},"image":{"@id":"https:\/\/arvumsuministrosagrarios.org\/es\/cultivos-intensivos\/#primaryimage"},"thumbnailUrl":"https:\/\/arvumsuministrosagrarios.org\/es\/wp-content\/uploads\/2022\/06\/berry.png","datePublished":"2022-06-22T15:25:44+00:00","dateModified":"2023-04-14T09:03:16+00:00","breadcrumb":{"@id":"https:\/\/arvumsuministrosagrarios.org\/es\/cultivos-intensivos\/#breadcrumb"},"inLanguage":"es","potentialAction":[{"@type":"ReadAction","target":["https:\/\/arvumsuministrosagrarios.org\/es\/cultivos-intensivos\/"]}]},{"@type":"ImageObject","inLanguage":"es","@id":"https:\/\/arvumsuministrosagrarios.org\/es\/cultivos-intensivos\/#primaryimage","url":"https:\/\/arvumsuministrosagrarios.org\/es\/wp-content\/uploads\/2022\/06\/berry.png","contentUrl":"https:\/\/arvumsuministrosagrarios.org\/es\/wp-content\/uploads\/2022\/06\/berry.png","width":200,"height":200},{"@type":"BreadcrumbList","@id":"https:\/\/arvumsuministrosagrarios.org\/es\/cultivos-intensivos\/#breadcrumb","itemListElement":[{"@type":"ListItem","position":1,"name":"Portada","item":"https:\/\/arvumsuministrosagrarios.org\/es\/"},{"@type":"ListItem","position":2,"name":"Cultivos intensivos"}]},{"@type":"WebSite","@id":"https:\/\/arvumsuministrosagrarios.org\/es\/#website","url":"https:\/\/arvumsuministrosagrarios.org\/es\/","name":"Arvum","description":"","publisher":{"@id":"https:\/\/arvumsuministrosagrarios.org\/es\/#organization"},"potentialAction":[{"@type":"SearchAction","target":{"@type":"EntryPoint","urlTemplate":"https:\/\/arvumsuministrosagrarios.org\/es\/?s={search_term_string}"},"query-input":"required name=search_term_string"}],"inLanguage":"es"},{"@type":"Organization","@id":"https:\/\/arvumsuministrosagrarios.org\/es\/#organization","name":"Arvum Suministros Agrarios","url":"https:\/\/arvumsuministrosagrarios.org\/es\/","logo":{"@type":"ImageObject","inLanguage":"es","@id":"https:\/\/arvumsuministrosagrarios.org\/es\/#\/schema\/logo\/image\/","url":"https:\/\/arvumsuministrosagrarios.org\/es\/wp-content\/uploads\/2021\/01\/arvum-logo.png","contentUrl":"https:\/\/arvumsuministrosagrarios.org\/es\/wp-content\/uploads\/2021\/01\/arvum-logo.png","width":512,"height":391,"caption":"Arvum Suministros Agrarios"},"image":{"@id":"https:\/\/arvumsuministrosagrarios.org\/es\/#\/schema\/logo\/image\/"}}]}},"rttpg_featured_image_url":null,"rttpg_author":{"display_name":"Aleo","author_link":"https:\/\/arvumsuministrosagrarios.org\/es\/author\/aleo\/"},"rttpg_comment":0,"rttpg_category":null,"rttpg_excerpt":"CULTIVOS INTENSIVOS SOLUCIONES INNOVADORAS En Arvum disponemos de productos espec\u00edficos para cultivos intensivos como vi\u00f1edo, kiwi, berries, huerta, etc. Trabajamos solo con partners l\u00edderes en el mercado, somos distribuidores oficiales de Yara y fabricamos f\u00f3rmulas a medida. Contamos con un equipo de t\u00e9cnicos con amplia experiencia para poner a tu servicio y asesorarte. En Arvum&hellip;","_links":{"self":[{"href":"https:\/\/arvumsuministrosagrarios.org\/es\/wp-json\/wp\/v2\/pages\/424"}],"collection":[{"href":"https:\/\/arvumsuministrosagrarios.org\/es\/wp-json\/wp\/v2\/pages"}],"about":[{"href":"https:\/\/arvumsuministrosagrarios.org\/es\/wp-json\/wp\/v2\/types\/page"}],"author":[{"embeddable":true,"href":"https:\/\/arvumsuministrosagrarios.org\/es\/wp-json\/wp\/v2\/users\/1"}],"replies":[{"embeddable":true,"href":"https:\/\/arvumsuministrosagrarios.org\/es\/wp-json\/wp\/v2\/comments?post=424"}],"version-history":[{"count":11,"href":"https:\/\/arvumsuministrosagrarios.org\/es\/wp-json\/wp\/v2\/pages\/424\/revisions"}],"predecessor-version":[{"id":447,"href":"https:\/\/arvumsuministrosagrarios.org\/es\/wp-json\/wp\/v2\/pages\/424\/revisions\/447"}],"wp:attachment":[{"href":"https:\/\/arvumsuministrosagrarios.org\/es\/wp-json\/wp\/v2\/media?parent=424"}],"curies":[{"name":"wp","href":"https:\/\/api.w.org\/{rel}","templated":true}]}}