{"id":50,"date":"2021-01-05T14:32:14","date_gmt":"2021-01-05T13:32:14","guid":{"rendered":"https:\/\/arvumsuministrosagrarios.org\/es\/?page_id=50"},"modified":"2023-05-03T08:43:07","modified_gmt":"2023-05-03T06:43:07","slug":"fitosanitarios-luchabiologica","status":"publish","type":"page","link":"https:\/\/arvumsuministrosagrarios.org\/es\/fitosanitarios-luchabiologica\/","title":{"rendered":"Fitosanitarios"},"content":{"rendered":"<div class=\"header-section fitosanitarios\">\n<div>\n<h1>FITOSANITARIOS<\/h1>\n<h2>Y OTROS PRODUCTOS E INSUMOS AGROGANADEROS<\/h2>\n<\/p><\/div>\n<\/div>\n<div class=\"info-section\">\n<div>\n\t\t<img decoding=\"async\" src=\"https:\/\/arvumsuministrosagrarios.org\/es\/wp-content\/uploads\/2021\/01\/fito-variedad.png\" alt=\"Fitosanitarios variedad\" \/><\/p>\n<p>Somos <strong>ARVUM<\/strong>, un concepto diferente de distribuci\u00f3n de suministros agr\u00edcolas y ganaderos.<\/p>\n<\/p><\/div>\n<div>\n\t\t<img decoding=\"async\" src=\"https:\/\/arvumsuministrosagrarios.org\/es\/wp-content\/uploads\/2021\/01\/fito-soporte.png\" alt=\"Fitosanitarios soporte\" \/><\/p>\n<p>Pretendemos ser tu <strong>proveedor de confianza<\/strong>. Definiremos las estrategias comerciales y te daremos el <strong>soporte t\u00e9cnico y comercial<\/strong> que necesitas.<\/p>\n<\/p><\/div>\n<div>\n\t\t<img decoding=\"async\" src=\"https:\/\/arvumsuministrosagrarios.org\/es\/wp-content\/uploads\/2021\/01\/fito-flexibilidad.png\" alt=\"Fitosanitarios flexibilidad\" \/><\/p>\n<p>Nuestra <strong>flexibilidad<\/strong> hace que nos adaptemos a nuestros distribuidores y a las <strong>necesidades de cada zona.<\/strong><\/p>\n<\/p><\/div>\n<div>\n\t\t<img decoding=\"async\" src=\"https:\/\/arvumsuministrosagrarios.org\/es\/wp-content\/uploads\/2021\/01\/fito-catalogo.png\" alt=\"Fitosanitarios cat\u00e1logo\" \/><\/p>\n<p>A\u00f1o tras a\u00f1o aumentamos nuestro cat\u00e1logo de soluciones para el campo, siempre aportando <strong>productos diferenciados y profesionales.<\/strong><\/p>\n<\/p><\/div>\n<\/div>\n<div class=\"fito-proplan\">\n<h3>Tenemos fitosanitarios espec\u00edficos para&#8230;<\/h3>\n<div>\n<p>Somos <strong>distribuidores oficiales de Proplan y FMC.<\/strong><\/p>\n<p>\t\t<img decoding=\"async\" src=\"https:\/\/arvumsuministrosagrarios.org\/es\/wp-content\/uploads\/2021\/01\/proplan-logo.png\" alt=\"Proplan\"><br \/>\n\t        <img decoding=\"async\" src=\"https:\/\/arvumsuministrosagrarios.org\/es\/wp-content\/uploads\/2021\/08\/fmc.png\" alt=\"FMC\">\n        <\/div>\n<\/div>\n<div class=\"fito-info\">\n<div>\n<h4>Vi\u00f1edo<\/h4>\n<p>\t\t<img decoding=\"async\" src=\"https:\/\/arvumsuministrosagrarios.org\/es\/wp-content\/uploads\/2021\/01\/fito-vinedo.jpg\" alt=\"vi\u00f1edo\">\n\t<\/div>\n<div>\n<h4>Huerta<\/h4>\n<p>\t\t<img decoding=\"async\" src=\"https:\/\/arvumsuministrosagrarios.org\/es\/wp-content\/uploads\/2021\/01\/fito-huerta.jpg\" alt=\"huerta\">\n\t<\/div>\n<div>\n<h4>Patata<\/h4>\n<p>\t\t<img decoding=\"async\" src=\"https:\/\/arvumsuministrosagrarios.org\/es\/wp-content\/uploads\/2021\/01\/fito-patata.jpg\" alt=\"patata\">\n\t<\/div>\n<div>\n<h4>Frutales<\/h4>\n<p>\t\t<img decoding=\"async\" src=\"https:\/\/arvumsuministrosagrarios.org\/es\/wp-content\/uploads\/2021\/01\/fito-frutales.jpg\" alt=\"frutales\">\n\t<\/div>\n<div>\n<h4>Pradera<\/h4>\n<p>\t\t<img decoding=\"async\" src=\"https:\/\/arvumsuministrosagrarios.org\/es\/wp-content\/uploads\/2021\/01\/fito-pradera.jpg\" alt=\"pradera\">\n\t<\/div>\n<div>\n<h4>Ma\u00edz<\/h4>\n<p>\t\t<img decoding=\"async\" src=\"https:\/\/arvumsuministrosagrarios.org\/es\/wp-content\/uploads\/2021\/01\/fito-maiz.jpg\" alt=\"ma\u00edz\">\n\t<\/div>\n<\/div>\n<div class=\"fito-saber-mas\">\n<p>Tambi\u00e9n disponemos de otros insumos agroganaderos.<\/p>\n<p>\t<a href=\"https:\/\/arvumsuministrosagrarios.org\/es\/inicio#contacto\">Saber m\u00e1s<\/a>\n<\/div>\n","protected":false},"excerpt":{"rendered":"<p>FITOSANITARIOS Y OTROS PRODUCTOS E INSUMOS AGROGANADEROS Somos ARVUM, un concepto diferente de distribuci\u00f3n de suministros agr\u00edcolas y ganaderos. Pretendemos ser tu proveedor de confianza. Definiremos las estrategias comerciales y te daremos el soporte t\u00e9cnico y comercial que necesitas. Nuestra flexibilidad hace que nos adaptemos a nuestros distribuidores y a las necesidades de cada zona. [&hellip;]<\/p>\n","protected":false},"author":1,"featured_media":0,"parent":0,"menu_order":0,"comment_status":"closed","ping_status":"closed","template":"","meta":{"inline_featured_image":false,"footnotes":"","_joinchat":[]},"yoast_head":"<!-- This site is optimized with the Yoast SEO plugin v22.6 - https:\/\/yoast.com\/wordpress\/plugins\/seo\/ -->\n<title>Fitosanitarios y lucha biol\u00f3gica<\/title>\n<meta name=\"description\" content=\"En Arvum distribuimos fitosanitarios y productos de lucha biol\u00f3gica espec\u00edficos para cada cultivo: vi\u00f1edo, huerta, frutales...\" \/>\n<meta name=\"robots\" content=\"index, follow, max-snippet:-1, max-image-preview:large, max-video-preview:-1\" \/>\n<link rel=\"canonical\" href=\"https:\/\/arvumsuministrosagrarios.org\/es\/fitosanitarios-luchabiologica\/\" \/>\n<meta property=\"og:locale\" content=\"es_ES\" \/>\n<meta property=\"og:type\" content=\"article\" \/>\n<meta property=\"og:title\" content=\"Fitosanitarios y lucha biol\u00f3gica\" \/>\n<meta property=\"og:description\" content=\"En Arvum distribuimos fitosanitarios y productos de lucha biol\u00f3gica espec\u00edficos para cada cultivo: vi\u00f1edo, huerta, frutales...\" \/>\n<meta property=\"og:url\" content=\"https:\/\/arvumsuministrosagrarios.org\/es\/fitosanitarios-luchabiologica\/\" \/>\n<meta property=\"og:site_name\" content=\"Arvum\" \/>\n<meta property=\"article:modified_time\" content=\"2023-05-03T06:43:07+00:00\" \/>\n<meta property=\"og:image\" content=\"https:\/\/arvumsuministrosagrarios.org\/es\/wp-content\/uploads\/2021\/01\/fito-variedad.png\" \/>\n<meta name=\"twitter:card\" content=\"summary_large_image\" \/>\n<meta name=\"twitter:label1\" content=\"Tiempo de lectura\" \/>\n\t<meta name=\"twitter:data1\" content=\"3 minutos\" \/>\n<script type=\"application\/ld+json\" class=\"yoast-schema-graph\">{\"@context\":\"https:\/\/schema.org\",\"@graph\":[{\"@type\":\"WebPage\",\"@id\":\"https:\/\/arvumsuministrosagrarios.org\/es\/fitosanitarios-luchabiologica\/\",\"url\":\"https:\/\/arvumsuministrosagrarios.org\/es\/fitosanitarios-luchabiologica\/\",\"name\":\"Fitosanitarios y lucha biol\u00f3gica\",\"isPartOf\":{\"@id\":\"https:\/\/arvumsuministrosagrarios.org\/es\/#website\"},\"primaryImageOfPage\":{\"@id\":\"https:\/\/arvumsuministrosagrarios.org\/es\/fitosanitarios-luchabiologica\/#primaryimage\"},\"image\":{\"@id\":\"https:\/\/arvumsuministrosagrarios.org\/es\/fitosanitarios-luchabiologica\/#primaryimage\"},\"thumbnailUrl\":\"https:\/\/arvumsuministrosagrarios.org\/es\/wp-content\/uploads\/2021\/01\/fito-variedad.png\",\"datePublished\":\"2021-01-05T13:32:14+00:00\",\"dateModified\":\"2023-05-03T06:43:07+00:00\",\"description\":\"En Arvum distribuimos fitosanitarios y productos de lucha biol\u00f3gica espec\u00edficos para cada cultivo: vi\u00f1edo, huerta, frutales...\",\"breadcrumb\":{\"@id\":\"https:\/\/arvumsuministrosagrarios.org\/es\/fitosanitarios-luchabiologica\/#breadcrumb\"},\"inLanguage\":\"es\",\"potentialAction\":[{\"@type\":\"ReadAction\",\"target\":[\"https:\/\/arvumsuministrosagrarios.org\/es\/fitosanitarios-luchabiologica\/\"]}]},{\"@type\":\"ImageObject\",\"inLanguage\":\"es\",\"@id\":\"https:\/\/arvumsuministrosagrarios.org\/es\/fitosanitarios-luchabiologica\/#primaryimage\",\"url\":\"https:\/\/arvumsuministrosagrarios.org\/es\/wp-content\/uploads\/2021\/01\/fito-variedad.png\",\"contentUrl\":\"https:\/\/arvumsuministrosagrarios.org\/es\/wp-content\/uploads\/2021\/01\/fito-variedad.png\",\"width\":200,\"height\":200},{\"@type\":\"BreadcrumbList\",\"@id\":\"https:\/\/arvumsuministrosagrarios.org\/es\/fitosanitarios-luchabiologica\/#breadcrumb\",\"itemListElement\":[{\"@type\":\"ListItem\",\"position\":1,\"name\":\"Portada\",\"item\":\"https:\/\/arvumsuministrosagrarios.org\/es\/\"},{\"@type\":\"ListItem\",\"position\":2,\"name\":\"Fitosanitarios\"}]},{\"@type\":\"WebSite\",\"@id\":\"https:\/\/arvumsuministrosagrarios.org\/es\/#website\",\"url\":\"https:\/\/arvumsuministrosagrarios.org\/es\/\",\"name\":\"Arvum\",\"description\":\"\",\"publisher\":{\"@id\":\"https:\/\/arvumsuministrosagrarios.org\/es\/#organization\"},\"potentialAction\":[{\"@type\":\"SearchAction\",\"target\":{\"@type\":\"EntryPoint\",\"urlTemplate\":\"https:\/\/arvumsuministrosagrarios.org\/es\/?s={search_term_string}\"},\"query-input\":\"required name=search_term_string\"}],\"inLanguage\":\"es\"},{\"@type\":\"Organization\",\"@id\":\"https:\/\/arvumsuministrosagrarios.org\/es\/#organization\",\"name\":\"Arvum Suministros Agrarios\",\"url\":\"https:\/\/arvumsuministrosagrarios.org\/es\/\",\"logo\":{\"@type\":\"ImageObject\",\"inLanguage\":\"es\",\"@id\":\"https:\/\/arvumsuministrosagrarios.org\/es\/#\/schema\/logo\/image\/\",\"url\":\"https:\/\/arvumsuministrosagrarios.org\/es\/wp-content\/uploads\/2021\/01\/arvum-logo.png\",\"contentUrl\":\"https:\/\/arvumsuministrosagrarios.org\/es\/wp-content\/uploads\/2021\/01\/arvum-logo.png\",\"width\":512,\"height\":391,\"caption\":\"Arvum Suministros Agrarios\"},\"image\":{\"@id\":\"https:\/\/arvumsuministrosagrarios.org\/es\/#\/schema\/logo\/image\/\"}}]}<\/script>\n<!-- \/ Yoast SEO plugin. -->","yoast_head_json":{"title":"Fitosanitarios y lucha biol\u00f3gica","description":"En Arvum distribuimos fitosanitarios y productos de lucha biol\u00f3gica espec\u00edficos para cada cultivo: vi\u00f1edo, huerta, frutales...","robots":{"index":"index","follow":"follow","max-snippet":"max-snippet:-1","max-image-preview":"max-image-preview:large","max-video-preview":"max-video-preview:-1"},"canonical":"https:\/\/arvumsuministrosagrarios.org\/es\/fitosanitarios-luchabiologica\/","og_locale":"es_ES","og_type":"article","og_title":"Fitosanitarios y lucha biol\u00f3gica","og_description":"En Arvum distribuimos fitosanitarios y productos de lucha biol\u00f3gica espec\u00edficos para cada cultivo: vi\u00f1edo, huerta, frutales...","og_url":"https:\/\/arvumsuministrosagrarios.org\/es\/fitosanitarios-luchabiologica\/","og_site_name":"Arvum","article_modified_time":"2023-05-03T06:43:07+00:00","og_image":[{"url":"https:\/\/arvumsuministrosagrarios.org\/es\/wp-content\/uploads\/2021\/01\/fito-variedad.png"}],"twitter_card":"summary_large_image","twitter_misc":{"Tiempo de lectura":"3 minutos"},"schema":{"@context":"https:\/\/schema.org","@graph":[{"@type":"WebPage","@id":"https:\/\/arvumsuministrosagrarios.org\/es\/fitosanitarios-luchabiologica\/","url":"https:\/\/arvumsuministrosagrarios.org\/es\/fitosanitarios-luchabiologica\/","name":"Fitosanitarios y lucha biol\u00f3gica","isPartOf":{"@id":"https:\/\/arvumsuministrosagrarios.org\/es\/#website"},"primaryImageOfPage":{"@id":"https:\/\/arvumsuministrosagrarios.org\/es\/fitosanitarios-luchabiologica\/#primaryimage"},"image":{"@id":"https:\/\/arvumsuministrosagrarios.org\/es\/fitosanitarios-luchabiologica\/#primaryimage"},"thumbnailUrl":"https:\/\/arvumsuministrosagrarios.org\/es\/wp-content\/uploads\/2021\/01\/fito-variedad.png","datePublished":"2021-01-05T13:32:14+00:00","dateModified":"2023-05-03T06:43:07+00:00","description":"En Arvum distribuimos fitosanitarios y productos de lucha biol\u00f3gica espec\u00edficos para cada cultivo: vi\u00f1edo, huerta, frutales...","breadcrumb":{"@id":"https:\/\/arvumsuministrosagrarios.org\/es\/fitosanitarios-luchabiologica\/#breadcrumb"},"inLanguage":"es","potentialAction":[{"@type":"ReadAction","target":["https:\/\/arvumsuministrosagrarios.org\/es\/fitosanitarios-luchabiologica\/"]}]},{"@type":"ImageObject","inLanguage":"es","@id":"https:\/\/arvumsuministrosagrarios.org\/es\/fitosanitarios-luchabiologica\/#primaryimage","url":"https:\/\/arvumsuministrosagrarios.org\/es\/wp-content\/uploads\/2021\/01\/fito-variedad.png","contentUrl":"https:\/\/arvumsuministrosagrarios.org\/es\/wp-content\/uploads\/2021\/01\/fito-variedad.png","width":200,"height":200},{"@type":"BreadcrumbList","@id":"https:\/\/arvumsuministrosagrarios.org\/es\/fitosanitarios-luchabiologica\/#breadcrumb","itemListElement":[{"@type":"ListItem","position":1,"name":"Portada","item":"https:\/\/arvumsuministrosagrarios.org\/es\/"},{"@type":"ListItem","position":2,"name":"Fitosanitarios"}]},{"@type":"WebSite","@id":"https:\/\/arvumsuministrosagrarios.org\/es\/#website","url":"https:\/\/arvumsuministrosagrarios.org\/es\/","name":"Arvum","description":"","publisher":{"@id":"https:\/\/arvumsuministrosagrarios.org\/es\/#organization"},"potentialAction":[{"@type":"SearchAction","target":{"@type":"EntryPoint","urlTemplate":"https:\/\/arvumsuministrosagrarios.org\/es\/?s={search_term_string}"},"query-input":"required name=search_term_string"}],"inLanguage":"es"},{"@type":"Organization","@id":"https:\/\/arvumsuministrosagrarios.org\/es\/#organization","name":"Arvum Suministros Agrarios","url":"https:\/\/arvumsuministrosagrarios.org\/es\/","logo":{"@type":"ImageObject","inLanguage":"es","@id":"https:\/\/arvumsuministrosagrarios.org\/es\/#\/schema\/logo\/image\/","url":"https:\/\/arvumsuministrosagrarios.org\/es\/wp-content\/uploads\/2021\/01\/arvum-logo.png","contentUrl":"https:\/\/arvumsuministrosagrarios.org\/es\/wp-content\/uploads\/2021\/01\/arvum-logo.png","width":512,"height":391,"caption":"Arvum Suministros Agrarios"},"image":{"@id":"https:\/\/arvumsuministrosagrarios.org\/es\/#\/schema\/logo\/image\/"}}]}},"rttpg_featured_image_url":null,"rttpg_author":{"display_name":"Aleo","author_link":"https:\/\/arvumsuministrosagrarios.org\/es\/author\/aleo\/"},"rttpg_comment":0,"rttpg_category":null,"rttpg_excerpt":"FITOSANITARIOS Y OTROS PRODUCTOS E INSUMOS AGROGANADEROS Somos ARVUM, un concepto diferente de distribuci\u00f3n de suministros agr\u00edcolas y ganaderos. Pretendemos ser tu proveedor de confianza. Definiremos las estrategias comerciales y te daremos el soporte t\u00e9cnico y comercial que necesitas. Nuestra flexibilidad hace que nos adaptemos a nuestros distribuidores y a las necesidades de cada zona.&hellip;","_links":{"self":[{"href":"https:\/\/arvumsuministrosagrarios.org\/es\/wp-json\/wp\/v2\/pages\/50"}],"collection":[{"href":"https:\/\/arvumsuministrosagrarios.org\/es\/wp-json\/wp\/v2\/pages"}],"about":[{"href":"https:\/\/arvumsuministrosagrarios.org\/es\/wp-json\/wp\/v2\/types\/page"}],"author":[{"embeddable":true,"href":"https:\/\/arvumsuministrosagrarios.org\/es\/wp-json\/wp\/v2\/users\/1"}],"replies":[{"embeddable":true,"href":"https:\/\/arvumsuministrosagrarios.org\/es\/wp-json\/wp\/v2\/comments?post=50"}],"version-history":[{"count":11,"href":"https:\/\/arvumsuministrosagrarios.org\/es\/wp-json\/wp\/v2\/pages\/50\/revisions"}],"predecessor-version":[{"id":321,"href":"https:\/\/arvumsuministrosagrarios.org\/es\/wp-json\/wp\/v2\/pages\/50\/revisions\/321"}],"wp:attachment":[{"href":"https:\/\/arvumsuministrosagrarios.org\/es\/wp-json\/wp\/v2\/media?parent=50"}],"curies":[{"name":"wp","href":"https:\/\/api.w.org\/{rel}","templated":true}]}}