{"id":280,"date":"2021-02-01T15:08:02","date_gmt":"2021-02-01T15:08:02","guid":{"rendered":"https:\/\/arvumsuministrosagrarios.org\/pt\/?page_id=280"},"modified":"2021-02-01T15:11:02","modified_gmt":"2021-02-01T15:11:02","slug":"lubrificantes","status":"publish","type":"page","link":"https:\/\/arvumsuministrosagrarios.org\/pt\/lubrificantes\/","title":{"rendered":"Lubrificantes"},"content":{"rendered":"<div class=\"header-section lubricantes\">\n<div>\n<h1>Lubrificantes<\/h1>\n<\/p><\/div>\n<\/div>\n<div class=\"mascotas-info\">\n<div>\n\t\t<img decoding=\"async\" src=\"https:\/\/arvumsuministrosagrarios.org\/pt\/wp-content\/uploads\/2021\/02\/terragrass-oilterra-logo.png\" alt=\"Terragrass Oilterra logos\" \/><\/p>\n<p>Os \u00f3leos e lubrificantes <strong>Terragras<\/strong> e <strong>Oilterra<\/strong>, formulados com aditivos de \u00faltima gera\u00e7\u00e3o, proporcionam aos diversos componentes uma \u00f3tima lubrifica\u00e7\u00e3o e prote\u00e7\u00e3o contra os elementos externos. A sua qualidade garante um poder superior antidesgaste, melhorando a efici\u00eancia e a durabilidade.<\/p>\n<p>\t\t<a href=\"https:\/\/arvumsuministrosagrarios.org\/pt\/inicio#contacto\">Saber mais<\/a>\n\t<\/div>\n<p>\t<img decoding=\"async\" src=\"https:\/\/arvumsuministrosagrarios.org\/pt\/wp-content\/uploads\/2021\/02\/oilterra-variedad.png\" alt=\"Terragrass Oilterra variedad\" \/>\n<\/div>\n","protected":false},"excerpt":{"rendered":"<p>Lubrificantes Os \u00f3leos e lubrificantes Terragras e Oilterra, formulados com aditivos de \u00faltima gera\u00e7\u00e3o, proporcionam aos diversos componentes uma \u00f3tima lubrifica\u00e7\u00e3o e prote\u00e7\u00e3o contra os elementos externos. A sua qualidade garante um poder superior antidesgaste, melhorando a efici\u00eancia e a durabilidade. Saber mais<\/p>\n","protected":false},"author":1,"featured_media":0,"parent":0,"menu_order":0,"comment_status":"closed","ping_status":"closed","template":"","meta":{"inline_featured_image":false,"footnotes":""},"_links":{"self":[{"href":"https:\/\/arvumsuministrosagrarios.org\/pt\/wp-json\/wp\/v2\/pages\/280"}],"collection":[{"href":"https:\/\/arvumsuministrosagrarios.org\/pt\/wp-json\/wp\/v2\/pages"}],"about":[{"href":"https:\/\/arvumsuministrosagrarios.org\/pt\/wp-json\/wp\/v2\/types\/page"}],"author":[{"embeddable":true,"href":"https:\/\/arvumsuministrosagrarios.org\/pt\/wp-json\/wp\/v2\/users\/1"}],"replies":[{"embeddable":true,"href":"https:\/\/arvumsuministrosagrarios.org\/pt\/wp-json\/wp\/v2\/comments?post=280"}],"version-history":[{"count":4,"href":"https:\/\/arvumsuministrosagrarios.org\/pt\/wp-json\/wp\/v2\/pages\/280\/revisions"}],"predecessor-version":[{"id":285,"href":"https:\/\/arvumsuministrosagrarios.org\/pt\/wp-json\/wp\/v2\/pages\/280\/revisions\/285"}],"wp:attachment":[{"href":"https:\/\/arvumsuministrosagrarios.org\/pt\/wp-json\/wp\/v2\/media?parent=280"}],"curies":[{"name":"wp","href":"https:\/\/api.w.org\/{rel}","templated":true}]}}