{"id":3,"date":"2021-01-05T09:00:21","date_gmt":"2021-01-05T09:00:21","guid":{"rendered":"https:\/\/arvumsuministrosagrarios.org\/pt\/?page_id=3"},"modified":"2022-01-11T12:09:33","modified_gmt":"2022-01-11T12:09:33","slug":"politica-privacidad","status":"publish","type":"page","link":"https:\/\/arvumsuministrosagrarios.org\/pt\/politica-privacidad\/","title":{"rendered":"Pol\u00edtica de privacidade"},"content":{"rendered":"<h2>Aviso Legal<\/h2>\n<p><strong>DELAGRO, SOCIEDAD COOPERATIVA<\/strong> em cumprimento com a Lei 34\/2002, de 11 de julho, sobre Servi\u00e7os da Sociedade da Informa\u00e7\u00e3o e Com\u00e9rcio Eletr\u00f3nico, informa que:<\/p>\n<ul>\n<li>A sua denomina\u00e7\u00e3o social \u00e9  DELAGRO, SOCIEDAD COOPERATIVA<\/li>\n<li>O seu NIF \u00e9  F74146846<\/li>\n<li>O seu domic\u00edlio localiza-se na V\u00eda Pasteur, 30, 15890, Santiago De Compostela (A Coru\u00f1a)<\/li>\n<li>O seu telefone de contacto \u00e9  <a href=\"tel:+34981519920\">981519920<\/a><\/li>\n<li>Est\u00e1 inscrita no Registo de: Sociedades Cooperativas<\/li>\n<li>Fornecimento da Licen\u00e7a\/Autoriza\u00e7\u00e3o Administrativa N.\u00ba Volume 4 Folio 5492, Entrada N1 e Registo N.\u00ba 2361-SMT<\/li>\n<li>E possui o seguinte e-mail de contacto <a href=\"mailto:delagro@delagro.org\">delagro@delagro.org<\/a><\/li>\n<\/ul>\n<h3>PROTE\u00c7\u00c3O DE DADOS PESSOAIS <\/h3>\n<p>Os dados pessoais vinculados a este site respeitam os requisitos do regulamento (UE) 2016\/679 RGPD e LOPDGDD 3\/2018.<\/p>\n<h4>Quem \u00e9 o respons\u00e1vel pelo tratamento?<\/h4>\n<p>DELAGRO, SOCIEDAD COOPERATIVA<br \/>\nNIF: F74146846<br \/>\nEndere\u00e7o: V\u00eda Pasteur, 30, 15890, Santiago De Compostela (A Coru\u00f1a)<br \/>\nTelefone: <a href=\"tel:+34981519920\">981519920<\/a><br \/>\nE-mail: <a href=\"mailto:delagro@delagro.org\">delagro@delagro.org<\/a><\/p>\n<h4>Quais s\u00e3o os objectivos para os quais processamos os seus dados pessoais e quanto tempo os guardamos e porque o fazemos?<\/h4>\n<p>De acordo com as diferentes sec\u00e7\u00f5es do nosso website, processamos os seus dados para os seguintes fins:<\/p>\n<ol>\n<li>Dados de pessoas que nos contactam atrav\u00e9s das diferentes sec\u00e7\u00f5es de contacto do nosso Website. Processamos os seus dados a fim de gerir e tratar os seus pedidos de informa\u00e7\u00e3o, d\u00favidas, consultas, sugest\u00f5es ou reclama\u00e7\u00f5es feitas atrav\u00e9s do s\u00edtio web. Podemos processar os seus dados para este fim porque temos um interesse leg\u00edtimo em atender \u00e0s comunica\u00e7\u00f5es necess\u00e1rias para poder levar a cabo a nossa actividade e conserv\u00e1-los-emos durante o tempo necess\u00e1rio para o fazer.<\/li>\n<li>Dados das pessoas que subscrevem o boletim informativo. Processamos os seus dados para efeitos de gest\u00e3o da sua subscri\u00e7\u00e3o e envio do boletim informativo, ofertas e promo\u00e7\u00f5es. Podemos processar os seus dados para este fim porque nos deu o seu consentimento e conserv\u00e1-los-emos at\u00e9 que nos pe\u00e7a para os apagarmos.<\/li>\n<\/ol>\n<h4>\u00c9 obrigado a fornecer-nos os seus dados?<\/h4>\n<p>N\u00e3o \u00e9 obrigado a fornecer os seus dados, mas a comunica\u00e7\u00e3o de tais dados \u00e9 um pr\u00e9-requisito sem o qual n\u00e3o poderemos fornecer-lhe os servi\u00e7os indicados na sec\u00e7\u00e3o anterior.<\/p>\n<h4>S\u00e3o realizadas transfer\u00eancias internacionais dos dados?<\/h4>\n<p>N\u00e3o se realizam transfer\u00eancias internacionais dos dados.<\/p>\n<h4>Quais s\u00e3o os seus direitos quando nos fornece os seus dados pessoais?<\/h4>\n<ul>\n<li><strong>Acesso:<\/strong> direito de obter confirma\u00e7\u00e3o sobre o tratamento ou n\u00e3o dos seus dados pessoais, nomeadamente, quais s\u00e3o, para que s\u00e3o utilizados, quanto tempo ser\u00e3o guardados, a origem dos mesmos e se foram ou ser\u00e3o comunicados a terceiros.<\/li>\n<li><strong>Retifica\u00e7\u00e3o:<\/strong> o direito de solicitar a retifica\u00e7\u00e3o de dados imprecisos e de completar dados pessoais incompletos.<\/li>\n<li><strong>Elimina\u00e7\u00e3o:<\/strong> direito de solicitar a elimina\u00e7\u00e3o de dados pessoais quando s\u00e3o inadequados, excessivos ou j\u00e1 n\u00e3o s\u00e3o necess\u00e1rios para os fins que inicialmente foram recolhidos, incluindo o direito de serem esquecidos.<\/li>\n<li><strong>Oposi\u00e7\u00e3o:<\/strong> direito de se opor, em determinadas circunst\u00e2ncias, ao tratamento dos seus dados pessoais ou de solicitar a suspens\u00e3o do tratamento.<\/li>\n<li><strong>Limita\u00e7\u00e3o de tratamento:<\/strong> direito de solicitar, nas circunst\u00e2ncias estabelecidas pela lei, que os seus dados n\u00e3o sejam processados para al\u00e9m da sua conserva\u00e7\u00e3o.<\/li>\n<li><strong>Portabilidade:<\/strong> direito de receber dados pessoais em formato estruturado, de uso corrente e leg\u00edvel \u00e0 m\u00e1quina, e de poder transmiti-los a outro respons\u00e1vel, sempre que tecnicamente poss\u00edvel.<\/li>\n<\/ul>\n<h4>Pode revogar o consentimento?<\/h4>\n<p>Nos casos em que a legitimidade para o tratamento dos seus dados se verifica atrav\u00e9s do seu consentimento, tem o direito de pedir a sua exclus\u00e3o a qualquer momento, escrevendo para o endere\u00e7o ou e-mail indicado no in\u00edcio da presente Pol\u00edtica. Se revogar o seu consentimento, o tratamento de dados que foi efetuado anteriormente continuar\u00e1 a ser v\u00e1lido.<\/p>\n<h4>Onde pode exercer os seus direitos? <\/h4>\n<p>O exerc\u00edcio dos direitos deve ser feito por escrito, anexando uma fotoc\u00f3pia do seu documento de identifica\u00e7\u00e3o e enviando-o para o seguinte endere\u00e7o V\u00eda Pasteur, 30, 15890, Santiago de Compostela (A Coru\u00f1a) ou por e-mail para <a href=\"mailto:delagro@delagro.org\">delagro@delagro.org<\/a>. A DELAGRO, SOCIEDAD COOPERATIVA coloca \u00e0 disposi\u00e7\u00e3o modelos para o exerc\u00edcio dos direitos que podem ser levantados no endere\u00e7o indicado acima. Para mais informa\u00e7\u00f5es consulte: <a href=\"https:\/\/www.agpd.es\" target=\"_blank\" rel=\"noopener\">www.agpd.es<\/a>.<\/p>\n<h4>Direito de reclamar perante a autoridade de controlo?<\/h4>\n<p>Caso os seus direitos n\u00e3o sejam respeitados, pode apresentar uma reclama\u00e7\u00e3o por escrito \u00e0 Ag\u00eancia Espanhola de Prote\u00e7\u00e3o de Dados localizada na Calle Jorge Juan, 6-28001-Madrid ou atrav\u00e9s da sede eletr\u00f3nica: <a href=\"https:\/\/sedeagpd.gob.es\/\" target=\"_blank\" rel=\"noopener\">sedeagpd.gob.es<\/a>. Em ambos os casos deve ser anexada a documenta\u00e7\u00e3o necess\u00e1ria.<\/p>\n","protected":false},"excerpt":{"rendered":"<p>Aviso Legal DELAGRO, SOCIEDAD COOPERATIVA em cumprimento com a Lei 34\/2002, de 11 de julho, sobre Servi\u00e7os da Sociedade da Informa\u00e7\u00e3o e Com\u00e9rcio Eletr\u00f3nico, informa que: A sua denomina\u00e7\u00e3o social \u00e9 DELAGRO, SOCIEDAD COOPERATIVA O seu NIF \u00e9 F74146846 O seu domic\u00edlio localiza-se na V\u00eda Pasteur, 30, 15890, Santiago De Compostela (A Coru\u00f1a) O seu [&hellip;]<\/p>\n","protected":false},"author":1,"featured_media":0,"parent":0,"menu_order":0,"comment_status":"closed","ping_status":"closed","template":"","meta":{"inline_featured_image":false,"footnotes":""},"_links":{"self":[{"href":"https:\/\/arvumsuministrosagrarios.org\/pt\/wp-json\/wp\/v2\/pages\/3"}],"collection":[{"href":"https:\/\/arvumsuministrosagrarios.org\/pt\/wp-json\/wp\/v2\/pages"}],"about":[{"href":"https:\/\/arvumsuministrosagrarios.org\/pt\/wp-json\/wp\/v2\/types\/page"}],"author":[{"embeddable":true,"href":"https:\/\/arvumsuministrosagrarios.org\/pt\/wp-json\/wp\/v2\/users\/1"}],"replies":[{"embeddable":true,"href":"https:\/\/arvumsuministrosagrarios.org\/pt\/wp-json\/wp\/v2\/comments?post=3"}],"version-history":[{"count":4,"href":"https:\/\/arvumsuministrosagrarios.org\/pt\/wp-json\/wp\/v2\/pages\/3\/revisions"}],"predecessor-version":[{"id":322,"href":"https:\/\/arvumsuministrosagrarios.org\/pt\/wp-json\/wp\/v2\/pages\/3\/revisions\/322"}],"wp:attachment":[{"href":"https:\/\/arvumsuministrosagrarios.org\/pt\/wp-json\/wp\/v2\/media?parent=3"}],"curies":[{"name":"wp","href":"https:\/\/api.w.org\/{rel}","templated":true}]}}